{"id":1003,"date":"2024-05-27T19:10:28","date_gmt":"2024-05-27T17:10:28","guid":{"rendered":"https:\/\/arcanix.at\/?page_id=1003"},"modified":"2025-12-19T13:47:17","modified_gmt":"2025-12-19T12:47:17","slug":"imprint","status":"publish","type":"page","link":"https:\/\/arcanix.at\/de\/imprint\/","title":{"rendered":"Impressum"},"content":{"rendered":"<div class=\"wp-block-uagb-container uagb-block-52cc8b92 alignfull uagb-is-root-container\">\n<div class=\"wp-block-uagb-container uagb-block-321118ba\">\n<div class=\"wp-block-uagb-container uagb-block-2a41e053\">\n<h2 class=\"wp-block-heading\">Impressum<\/h2>\n\n\n\n<p>Medieninhaber und Herausgeber<br><strong>Firma<\/strong><br>ARCANIX OG<br>Mankerstra\u00dfe 24<br>3380 P\u00f6chlarn<\/p>\n\n\n\n<p>Telefon: +43 660 4406811<br>E-Mail: office@arcanix.at<\/p>\n\n\n\n<p>FN 631197 g<br>UID ATU80944579<br>LG St. P\u00f6lten<\/p>\n\n\n\n<p><\/p>\n<\/div>\n<\/div>\n<\/div>","protected":false},"excerpt":{"rendered":"<p>Imprint Media owner and publisherCompanyARCANIX OGMankerstra\u00dfe 243380 P\u00f6chlarn Phone: +43 660 4406811E-Mail: office@arcanix.at FN 631197 gUID ATU80944579LG St. P\u00f6lten<\/p>","protected":false},"author":1,"featured_media":0,"parent":0,"menu_order":0,"comment_status":"closed","ping_status":"closed","template":"","meta":{"_uag_custom_page_level_css":"","site-sidebar-layout":"no-sidebar","site-content-layout":"page-builder","ast-site-content-layout":"full-width-container","site-content-style":"unboxed","site-sidebar-style":"unboxed","ast-global-header-display":"","ast-banner-title-visibility":"","ast-main-header-display":"","ast-hfb-above-header-display":"","ast-hfb-below-header-display":"","ast-hfb-mobile-header-display":"","site-post-title":"disabled","ast-breadcrumbs-content":"","ast-featured-img":"disabled","footer-sml-layout":"","theme-transparent-header-meta":"enabled","adv-header-id-meta":"","stick-header-meta":"","header-above-stick-meta":"","header-main-stick-meta":"","header-below-stick-meta":"","astra-migrate-meta-layouts":"set","ast-page-background-enabled":"default","ast-page-background-meta":{"desktop":{"background-color":"var(--ast-global-color-4)","background-image":"","background-repeat":"repeat","background-position":"center center","background-size":"auto","background-attachment":"scroll","background-type":"","background-media":"","overlay-type":"","overlay-color":"","overlay-opacity":"","overlay-gradient":""},"tablet":{"background-color":"","background-image":"","background-repeat":"repeat","background-position":"center center","background-size":"auto","background-attachment":"scroll","background-type":"","background-media":"","overlay-type":"","overlay-color":"","overlay-opacity":"","overlay-gradient":""},"mobile":{"background-color":"","background-image":"","background-repeat":"repeat","background-position":"center center","background-size":"auto","background-attachment":"scroll","background-type":"","background-media":"","overlay-type":"","overlay-color":"","overlay-opacity":"","overlay-gradient":""}},"ast-content-background-meta":{"desktop":{"background-color":"var(--ast-global-color-5)","background-image":"","background-repeat":"repeat","background-position":"center center","background-size":"auto","background-attachment":"scroll","background-type":"","background-media":"","overlay-type":"","overlay-color":"","overlay-opacity":"","overlay-gradient":""},"tablet":{"background-color":"var(--ast-global-color-5)","background-image":"","background-repeat":"repeat","background-position":"center center","background-size":"auto","background-attachment":"scroll","background-type":"","background-media":"","overlay-type":"","overlay-color":"","overlay-opacity":"","overlay-gradient":""},"mobile":{"background-color":"var(--ast-global-color-5)","background-image":"","background-repeat":"repeat","background-position":"center center","background-size":"auto","background-attachment":"scroll","background-type":"","background-media":"","overlay-type":"","overlay-color":"","overlay-opacity":"","overlay-gradient":""}},"footnotes":""},"yoast_head":"<!-- This site is optimized with the Yoast SEO plugin v23.9 - https:\/\/yoast.com\/wordpress\/plugins\/seo\/ -->\n<title>Impressum - ARCANIX<\/title>\n<meta name=\"robots\" content=\"index, follow, max-snippet:-1, max-image-preview:large, max-video-preview:-1\" \/>\n<link rel=\"canonical\" href=\"https:\/\/arcanix.at\/de\/imprint\/\" \/>\n<meta property=\"og:locale\" content=\"de_DE\" \/>\n<meta property=\"og:type\" content=\"article\" \/>\n<meta property=\"og:title\" content=\"Impressum - ARCANIX\" \/>\n<meta property=\"og:description\" content=\"Imprint Media owner and publisherCompanyARCANIX OGMankerstra\u00dfe 243380 P\u00f6chlarn Phone: +43 660 4406811E-Mail: office@arcanix.at FN 631197 gUID ATU80944579LG St. P\u00f6lten\" \/>\n<meta property=\"og:url\" content=\"https:\/\/arcanix.at\/de\/imprint\/\" \/>\n<meta property=\"og:site_name\" content=\"ARCANIX\" \/>\n<meta property=\"article:modified_time\" content=\"2025-12-19T12:47:17+00:00\" \/>\n<meta name=\"twitter:card\" content=\"summary_large_image\" \/>\n<meta name=\"twitter:label1\" content=\"Gesch\u00e4tzte Lesezeit\" \/>\n\t<meta name=\"twitter:data1\" content=\"1 Minute\" \/>\n<script type=\"application\/ld+json\" class=\"yoast-schema-graph\">{\"@context\":\"https:\/\/schema.org\",\"@graph\":[{\"@type\":\"WebPage\",\"@id\":\"https:\/\/arcanix.at\/imprint\/\",\"url\":\"https:\/\/arcanix.at\/imprint\/\",\"name\":\"Impressum - ARCANIX\",\"isPartOf\":{\"@id\":\"https:\/\/arcanix.at\/#website\"},\"datePublished\":\"2024-05-27T17:10:28+00:00\",\"dateModified\":\"2025-12-19T12:47:17+00:00\",\"breadcrumb\":{\"@id\":\"https:\/\/arcanix.at\/imprint\/#breadcrumb\"},\"inLanguage\":\"de-AT\",\"potentialAction\":[{\"@type\":\"ReadAction\",\"target\":[\"https:\/\/arcanix.at\/imprint\/\"]}]},{\"@type\":\"BreadcrumbList\",\"@id\":\"https:\/\/arcanix.at\/imprint\/#breadcrumb\",\"itemListElement\":[{\"@type\":\"ListItem\",\"position\":1,\"name\":\"Startseite\",\"item\":\"https:\/\/arcanix.at\/\"},{\"@type\":\"ListItem\",\"position\":2,\"name\":\"Impressum\"}]},{\"@type\":\"WebSite\",\"@id\":\"https:\/\/arcanix.at\/#website\",\"url\":\"https:\/\/arcanix.at\/\",\"name\":\"ARCANIX\",\"description\":\"\",\"publisher\":{\"@id\":\"https:\/\/arcanix.at\/#organization\"},\"potentialAction\":[{\"@type\":\"SearchAction\",\"target\":{\"@type\":\"EntryPoint\",\"urlTemplate\":\"https:\/\/arcanix.at\/?s={search_term_string}\"},\"query-input\":{\"@type\":\"PropertyValueSpecification\",\"valueRequired\":true,\"valueName\":\"search_term_string\"}}],\"inLanguage\":\"de-AT\"},{\"@type\":\"Organization\",\"@id\":\"https:\/\/arcanix.at\/#organization\",\"name\":\"ARCANIX OG\",\"url\":\"https:\/\/arcanix.at\/\",\"logo\":{\"@type\":\"ImageObject\",\"inLanguage\":\"de-AT\",\"@id\":\"https:\/\/arcanix.at\/#\/schema\/logo\/image\/\",\"url\":\"https:\/\/arcanix.at\/wp-content\/uploads\/2024\/05\/Logo-2.png\",\"contentUrl\":\"https:\/\/arcanix.at\/wp-content\/uploads\/2024\/05\/Logo-2.png\",\"width\":297,\"height\":64,\"caption\":\"ARCANIX OG\"},\"image\":{\"@id\":\"https:\/\/arcanix.at\/#\/schema\/logo\/image\/\"}}]}<\/script>\n<!-- \/ Yoast SEO plugin. -->","yoast_head_json":{"title":"Impressum - ARCANIX","robots":{"index":"index","follow":"follow","max-snippet":"max-snippet:-1","max-image-preview":"max-image-preview:large","max-video-preview":"max-video-preview:-1"},"canonical":"https:\/\/arcanix.at\/de\/imprint\/","og_locale":"de_DE","og_type":"article","og_title":"Impressum - ARCANIX","og_description":"Imprint Media owner and publisherCompanyARCANIX OGMankerstra\u00dfe 243380 P\u00f6chlarn Phone: +43 660 4406811E-Mail: office@arcanix.at FN 631197 gUID ATU80944579LG St. P\u00f6lten","og_url":"https:\/\/arcanix.at\/de\/imprint\/","og_site_name":"ARCANIX","article_modified_time":"2025-12-19T12:47:17+00:00","twitter_card":"summary_large_image","twitter_misc":{"Gesch\u00e4tzte Lesezeit":"1 Minute"},"schema":{"@context":"https:\/\/schema.org","@graph":[{"@type":"WebPage","@id":"https:\/\/arcanix.at\/imprint\/","url":"https:\/\/arcanix.at\/imprint\/","name":"Impressum - ARCANIX","isPartOf":{"@id":"https:\/\/arcanix.at\/#website"},"datePublished":"2024-05-27T17:10:28+00:00","dateModified":"2025-12-19T12:47:17+00:00","breadcrumb":{"@id":"https:\/\/arcanix.at\/imprint\/#breadcrumb"},"inLanguage":"de-AT","potentialAction":[{"@type":"ReadAction","target":["https:\/\/arcanix.at\/imprint\/"]}]},{"@type":"BreadcrumbList","@id":"https:\/\/arcanix.at\/imprint\/#breadcrumb","itemListElement":[{"@type":"ListItem","position":1,"name":"Startseite","item":"https:\/\/arcanix.at\/"},{"@type":"ListItem","position":2,"name":"Impressum"}]},{"@type":"WebSite","@id":"https:\/\/arcanix.at\/#website","url":"https:\/\/arcanix.at\/","name":"ARCANIX","description":"","publisher":{"@id":"https:\/\/arcanix.at\/#organization"},"potentialAction":[{"@type":"SearchAction","target":{"@type":"EntryPoint","urlTemplate":"https:\/\/arcanix.at\/?s={search_term_string}"},"query-input":{"@type":"PropertyValueSpecification","valueRequired":true,"valueName":"search_term_string"}}],"inLanguage":"de-AT"},{"@type":"Organization","@id":"https:\/\/arcanix.at\/#organization","name":"ARCANIX OG","url":"https:\/\/arcanix.at\/","logo":{"@type":"ImageObject","inLanguage":"de-AT","@id":"https:\/\/arcanix.at\/#\/schema\/logo\/image\/","url":"https:\/\/arcanix.at\/wp-content\/uploads\/2024\/05\/Logo-2.png","contentUrl":"https:\/\/arcanix.at\/wp-content\/uploads\/2024\/05\/Logo-2.png","width":297,"height":64,"caption":"ARCANIX OG"},"image":{"@id":"https:\/\/arcanix.at\/#\/schema\/logo\/image\/"}}]}},"uagb_featured_image_src":{"full":false,"thumbnail":false,"medium":false,"medium_large":false,"large":false,"1536x1536":false,"2048x2048":false,"trp-custom-language-flag":false},"uagb_author_info":{"display_name":"admin","author_link":"https:\/\/arcanix.at\/de\/author\/admin\/"},"uagb_comment_info":0,"uagb_excerpt":"Imprint Media owner and publisherCompanyARCANIX OGMankerstra\u00dfe 243380 P\u00f6chlarn Phone: +43 660 4406811E-Mail: office@arcanix.at FN 631197 gUID ATU80944579LG St. P\u00f6lten","_links":{"self":[{"href":"https:\/\/arcanix.at\/de\/wp-json\/wp\/v2\/pages\/1003"}],"collection":[{"href":"https:\/\/arcanix.at\/de\/wp-json\/wp\/v2\/pages"}],"about":[{"href":"https:\/\/arcanix.at\/de\/wp-json\/wp\/v2\/types\/page"}],"author":[{"embeddable":true,"href":"https:\/\/arcanix.at\/de\/wp-json\/wp\/v2\/users\/1"}],"replies":[{"embeddable":true,"href":"https:\/\/arcanix.at\/de\/wp-json\/wp\/v2\/comments?post=1003"}],"version-history":[{"count":13,"href":"https:\/\/arcanix.at\/de\/wp-json\/wp\/v2\/pages\/1003\/revisions"}],"predecessor-version":[{"id":2090,"href":"https:\/\/arcanix.at\/de\/wp-json\/wp\/v2\/pages\/1003\/revisions\/2090"}],"wp:attachment":[{"href":"https:\/\/arcanix.at\/de\/wp-json\/wp\/v2\/media?parent=1003"}],"curies":[{"name":"wp","href":"https:\/\/api.w.org\/{rel}","templated":true}]}}