{"id":135,"date":"2024-05-18T09:38:07","date_gmt":"2024-05-18T07:38:07","guid":{"rendered":"https:\/\/arcanix.at\/home\/"},"modified":"2025-08-01T15:47:34","modified_gmt":"2025-08-01T13:47:34","slug":"arcanix","status":"publish","type":"page","link":"https:\/\/arcanix.at\/de\/","title":{"rendered":"Startseite"},"content":{"rendered":"<div class=\"wp-block-uagb-container uagb-block-5fe6a32d alignfull uagb-is-root-container\"><div class=\"uagb-container-inner-blocks-wrap\">\n<div class=\"wp-block-uagb-advanced-heading uagb-block-739ef4ec\"><h1 class=\"uagb-heading-text\">ARCANIX:<br>IoT der Zukunft<\/h1><\/div>\n<\/div><\/div>\n\n\n\n<div class=\"wp-block-uagb-container uagb-block-b0bb5e83 alignfull uagb-is-root-container\"><div class=\"uagb-container-inner-blocks-wrap\">\n<h2 class=\"wp-block-heading\">ARCANIX: Internet of things<\/h2>\n\n\n\n<p>Vor etwas mehr als 50 Jahren war das Internet unter dem Namen Arpanet bekannt und auf eine Gruppe von Universit\u00e4ten beschr\u00e4nkt. Heute verbindet das Internet \u00fcber 26 Milliarden Ger\u00e4te rund um den Globus. Etwa die H\u00e4lfte dieser Ger\u00e4te stammt aus dem IoT-Bereich. Bis 2030 wird es sogar \u00fcber 30 Milliarden IoT-Ger\u00e4te geben.<br>Wir, ARCANIX, haben uns zum Ziel gesetzt, diese IoT-Ger\u00e4te auf nachhaltige Weise zu ver\u00e4ndern. Wie das geht? W\u00e4hrend es verschiedene Anbieter f\u00fcr die Programmierung von IoT-Software gibt, k\u00fcmmern sich nur wenige um die Wartung. Deshalb haben wir ARCANIX Configuration Management geschaffen. Eine Plattform, \u00fcber die IoT-Ger\u00e4te im SaaS-Stil mit minimalem Aufwand verwaltet werden k\u00f6nnen.<\/p>\n\n\n\n<h3 class=\"wp-block-heading\">ARCANIX Configuration Management<\/h3>\n\n\n\n<p>Wiederholende Ans\u00e4tze sind in der Softwarebranche sehr beliebt. Leider hat dieser Ansatz auch einige Nachteile. Denn wenn die Ger\u00e4te erst einmal ausgeliefert sind, ist es schwierig, tiefgreifende \u00c4nderungen an ihnen vorzunehmen.<\/p>\n\n\n\n<div class=\"wp-block-uagb-container uagb-block-205b6bf2\">\n<div class=\"wp-block-columns is-layout-flex wp-container-core-columns-is-layout-1 wp-block-columns-is-layout-flex\">\n<div class=\"wp-block-column is-layout-flow wp-block-column-is-layout-flow\">\n<div class=\"wp-block-uagb-container uagb-block-1c2e89d3\">\n<h4 class=\"wp-block-heading\"><strong>Die L\u00f6sung<\/strong><\/h4>\n\n\n\n<p>Ger\u00e4te mit sogenannten Image-Updates. Dabei wird das gesamte System durch eine neue Version ersetzt. Dieser Ansatz hat jedoch einige Nachteile: Konfigurationen m\u00fcssen in separaten Partitionen gespeichert werden, man ist je nach Anbieter an bestimmte Betriebssysteme gebunden und ein Update ist immer zeitaufw\u00e4ndig.<\/p>\n<\/div>\n<\/div>\n\n\n\n<div class=\"wp-block-column is-layout-flow wp-block-column-is-layout-flow\">\n<div class=\"wp-block-uagb-container uagb-block-543af60f\">\n<h4 class=\"wp-block-heading\"><strong>Die bessere L\u00f6sung<\/strong><\/h4>\n\n\n\n<p>Datei-Updates. Diese aktualisieren gezielt einzelne Dateien. Datei-Updates sind schlank und effizient. Sie erm\u00f6glichen gezielte \u00c4nderungen an Dateien, ohne den Rest des Systems zu beeintr\u00e4chtigen. Allerdings haben Datei-Updates auch einige Nachteile: Sie sind oft inkrementell. Es muss immer sichergestellt werden, dass jede Aktualisierung durchgef\u00fchrt wird.<\/p>\n<\/div>\n<\/div>\n\n\n\n<div class=\"wp-block-column is-layout-flow wp-block-column-is-layout-flow\">\n<div class=\"wp-block-uagb-container uagb-block-826c1837\">\n<h4 class=\"wp-block-heading\"><strong>Die beste L\u00f6sung<\/strong><\/h4>\n\n\n\n<p>An dieser Stelle kommt ARCANIX ins Spiel. Unser ARCANIX-Konfigurationsmanagement-Tool basiert auf graphenbasierten Datei-Updates. Das hei\u00dft, wenn ein neues Update installiert wird und dabei ein Zwischenschritt erforderlich ist, werden nur die \u00c4nderungen dieses Zwischenschritts \u00fcbernommen \u2013 nicht der gesamte Zwischenschritt selbst.<\/p>\n\n\n\n<div class=\"wp-block-uagb-buttons uagb-buttons__outer-wrap uagb-btn__default-btn uagb-btn-tablet__default-btn uagb-btn-mobile__default-btn uagb-block-deea4988\"><div class=\"uagb-buttons__wrap uagb-buttons-layout-wrap\">\n<div class=\"wp-block-uagb-buttons-child uagb-buttons__outer-wrap uagb-block-c1f9609c wp-block-button\"><div class=\"uagb-button__wrapper\"><a class=\"uagb-buttons-repeater wp-block-button__link\" aria-label=\"\" href=\"https:\/\/arcanix.at\/de\/configuration-management\/\" rel=\"follow noopener\" target=\"_self\" role=\"button\"><div class=\"uagb-button__link\">Mehr erfahren<\/div><\/a><\/div><\/div>\n<\/div><\/div>\n<\/div>\n<\/div>\n<\/div>\n<\/div>\n\n\n\n<p>Dank der grafischen Architektur ist es m\u00f6glich, jede Aktualisierung einfach auszuw\u00e4hlen. Das System wei\u00df von selbst, welche Zwischenschritte notwendig sind, um von der aktuell verwendeten Version zur Zielversion zu gelangen. Diese Architektur erm\u00f6glicht es auch, komplexe Zweige und \u00c4nderungen effizient abzubilden, ohne Gefahr zu laufen, wichtige Sicherheitspatches zu \u00fcbersehen.<\/p>\n\n\n\n<div class=\"wp-block-uagb-call-to-action uagb-block-d5ba6fc2 wp-block-button\"><div class=\"uagb-cta__wrap\"><h3 class=\"uagb-cta__title\">Kommt Ihnen das Problem bekannt vor?<\/h3><p class=\"uagb-cta__desc\">Wenn Ihnen diese Situation bekannt vorkommt und Sie mehr \u00fcber ARCANIX Configuration Management erfahren m\u00f6chten, finden Sie hier detaillierte Informationen zum Produkt.<\/p><\/div><div class=\"uagb-cta__buttons\"><a href=\"https:\/\/arcanix.at\/de\/configuration-management\/\" class=\"uagb-cta__button-link-wrapper wp-block-button__link\" target=\"_self\" rel=\"noopener noreferrer\">Mehr Details<svg xmlns=\"https:\/\/www.w3.org\/2000\/svg\" viewbox=\"0 0 512 512\"><path d=\"M504.3 273.6l-112.1 104c-6.992 6.484-17.18 8.218-25.94 4.406c-8.758-3.812-14.42-12.45-14.42-21.1L351.9 288H32C14.33 288 .0002 273.7 .0002 255.1S14.33 224 32 224h319.9l0-72c0-9.547 5.66-18.19 14.42-22c8.754-3.809 18.95-2.075 25.94 4.41l112.1 104C514.6 247.9 514.6 264.1 504.3 273.6z\"><\/path><\/svg><\/a><\/div><\/div>\n\n\n\n<p><br><\/p>\n\n\n\n<h2 class=\"wp-block-heading\">Unsere Kunden<\/h2>\n\n\n\n<div class=\"wp-block-uagb-slider uagb-block-c81d238b uagb-slider-container\"><div class=\"uagb-slides uagb-swiper\"><div class=\"swiper-wrapper\">\n<div class=\"wp-block-uagb-slider-child uagb-slider-child-wrap swiper-slide uagb-block-e03ad7ab\"><div class=\"swiper-content\">\n<div class=\"wp-block-uagb-container uagb-block-50756ce3\">\n<div class=\"wp-block-uagb-image uagb-block-0cc60fb5 wp-block-uagb-image--layout-default wp-block-uagb-image--effect-static wp-block-uagb-image--align-none\"><figure class=\"wp-block-uagb-image__figure\"><img loading=\"lazy\" decoding=\"async\" srcset=\"https:\/\/arcanix.at\/wp-content\/uploads\/2024\/10\/BeerJet-1.webp ,https:\/\/arcanix.at\/wp-content\/uploads\/2024\/10\/BeerJet-1.webp 780w, https:\/\/arcanix.at\/wp-content\/uploads\/2024\/10\/BeerJet-1.webp 360w\" sizes=\"(max-width: 480px) 150px\" src=\"https:\/\/arcanix.at\/wp-content\/uploads\/2024\/10\/BeerJet-1.webp\" alt=\"\" class=\"uag-image-1935\" width=\"230\" height=\"225\" title=\"BeerJet-1\" role=\"img\"\/><\/figure><\/div>\n<\/div>\n<\/div><\/div>\n\n\n\n<div class=\"wp-block-uagb-slider-child uagb-slider-child-wrap swiper-slide uagb-block-ed3edeba\"><div class=\"swiper-content\">\n<div class=\"wp-block-uagb-container uagb-block-481d3dd4\">\n<div class=\"wp-block-uagb-image uagb-block-4d9f3a2f wp-block-uagb-image--layout-default wp-block-uagb-image--effect-static wp-block-uagb-image--align-none\"><figure class=\"wp-block-uagb-image__figure\"><img loading=\"lazy\" decoding=\"async\"  sizes=\"(max-width: 480px) 150px\" src=\"https:\/\/x-works.at\/images\/logo_web_rot.svg\" alt=\"\" width=\"230\" height=\"225\" title=\"\" role=\"img\"\/><\/figure><\/div>\n<\/div>\n<\/div><\/div>\n<\/div><\/div><div class=\"swiper-pagination\"><\/div><div class=\"swiper-button-prev\"><\/div><div class=\"swiper-button-next\"><\/div><\/div>\n\n\n\n<div class=\"wp-block-uagb-container uagb-block-d5a1236d\"><\/div>\n<\/div><\/div>\n\n\n\n<div class=\"wp-block-uagb-container uagb-block-3e9f6878 alignfull uagb-is-root-container\"><div class=\"uagb-container-inner-blocks-wrap\">\n<div class=\"wp-block-uagb-container uagb-block-1d303438\">\n<div class=\"wp-block-uagb-container uagb-block-780694b9\">\n<div class=\"wp-block-uagb-info-box uagb-block-606ceebc uagb-infobox__content-wrap  uagb-infobox-icon-above-title uagb-infobox-image-valign-top\"><div class=\"uagb-ifb-content\"><div class=\"uagb-ifb-title-wrap\"><h3 class=\"uagb-ifb-title\"><br>Haben wir Ihr Interesse geweckt?<\/h3><\/div><p class=\"uagb-ifb-desc\">Bitte kontaktieren Sie uns per Telefon oder E-Mail, wenn Sie mehr \u00fcber ARCANIX Configuration Management erfahren m\u00f6chten.<\/p><\/div><\/div>\n\n\n\n<div class=\"wp-block-uagb-buttons uagb-buttons__outer-wrap uagb-btn__default-btn uagb-btn-tablet__default-btn uagb-btn-mobile__default-btn uagb-block-0ae8e13a\"><div class=\"uagb-buttons__wrap uagb-buttons-layout-wrap\">\n<div class=\"wp-block-uagb-buttons-child uagb-buttons__outer-wrap uagb-block-cb306a15 wp-block-button\"><div class=\"uagb-button__wrapper\"><a class=\"uagb-buttons-repeater wp-block-button__link\" aria-label=\"\" href=\"https:\/\/arcanix.at\/de\/contact\/\" rel=\"follow noopener\" target=\"_self\" role=\"button\"><div class=\"uagb-button__link\">Kontaktieren Sie uns<\/div><\/a><\/div><\/div>\n<\/div><\/div>\n<\/div>\n\n\n\n<div class=\"wp-block-uagb-container uagb-block-fa105855\">\n<div class=\"wp-block-uagb-image alignright uagb-block-cc81a440 wp-block-uagb-image--layout-default wp-block-uagb-image--effect-static wp-block-uagb-image--align-right\"><figure class=\"wp-block-uagb-image__figure\"><img loading=\"lazy\" decoding=\"async\" srcset=\"https:\/\/arcanix.at\/wp-content\/uploads\/2024\/07\/125032-1024x581.jpg ,https:\/\/arcanix.at\/wp-content\/uploads\/2024\/07\/125032.jpg 780w, https:\/\/arcanix.at\/wp-content\/uploads\/2024\/07\/125032.jpg 360w\" sizes=\"(max-width: 480px) 150px\" src=\"https:\/\/arcanix.at\/wp-content\/uploads\/2024\/07\/125032-1024x581.jpg\" alt=\"\" class=\"uag-image-1534\" width=\"1024\" height=\"581\" title=\"125032\" role=\"img\"\/><\/figure><\/div>\n<\/div>\n<\/div>\n<\/div><\/div>\n\n\n\n<p><\/p>","protected":false},"excerpt":{"rendered":"<p>ARCANIX:IoT of the future ARCANIX: Internet of things Just over 50 years ago, the Internet was known as Arpanet and was limited to a group of universities. Today, the internet connects over 26 billion devices around the globe. Around half of these devices come from the IoT sector. By 2030, there will even be over [&hellip;]<\/p>","protected":false},"author":1,"featured_media":0,"parent":0,"menu_order":0,"comment_status":"closed","ping_status":"closed","template":"","meta":{"_uag_custom_page_level_css":"","site-sidebar-layout":"no-sidebar","site-content-layout":"page-builder","ast-site-content-layout":"full-width-container","site-content-style":"unboxed","site-sidebar-style":"unboxed","ast-global-header-display":"","ast-banner-title-visibility":"","ast-main-header-display":"","ast-hfb-above-header-display":"","ast-hfb-below-header-display":"","ast-hfb-mobile-header-display":"","site-post-title":"disabled","ast-breadcrumbs-content":"","ast-featured-img":"disabled","footer-sml-layout":"","theme-transparent-header-meta":"enabled","adv-header-id-meta":"","stick-header-meta":"","header-above-stick-meta":"","header-main-stick-meta":"","header-below-stick-meta":"","astra-migrate-meta-layouts":"set","ast-page-background-enabled":"default","ast-page-background-meta":{"desktop":{"background-color":"var(--ast-global-color-4)","background-image":"","background-repeat":"repeat","background-position":"center center","background-size":"auto","background-attachment":"scroll","background-type":"","background-media":"","overlay-type":"","overlay-color":"","overlay-opacity":"","overlay-gradient":""},"tablet":{"background-color":"","background-image":"","background-repeat":"repeat","background-position":"center center","background-size":"auto","background-attachment":"scroll","background-type":"","background-media":"","overlay-type":"","overlay-color":"","overlay-opacity":"","overlay-gradient":""},"mobile":{"background-color":"","background-image":"","background-repeat":"repeat","background-position":"center center","background-size":"auto","background-attachment":"scroll","background-type":"","background-media":"","overlay-type":"","overlay-color":"","overlay-opacity":"","overlay-gradient":""}},"ast-content-background-meta":{"desktop":{"background-color":"var(--ast-global-color-5)","background-image":"","background-repeat":"repeat","background-position":"center center","background-size":"auto","background-attachment":"scroll","background-type":"","background-media":"","overlay-type":"","overlay-color":"","overlay-opacity":"","overlay-gradient":""},"tablet":{"background-color":"var(--ast-global-color-5)","background-image":"","background-repeat":"repeat","background-position":"center center","background-size":"auto","background-attachment":"scroll","background-type":"","background-media":"","overlay-type":"","overlay-color":"","overlay-opacity":"","overlay-gradient":""},"mobile":{"background-color":"var(--ast-global-color-5)","background-image":"","background-repeat":"repeat","background-position":"center center","background-size":"auto","background-attachment":"scroll","background-type":"","background-media":"","overlay-type":"","overlay-color":"","overlay-opacity":"","overlay-gradient":""}},"footnotes":""},"yoast_head":"<!-- This site is optimized with the Yoast SEO plugin v23.9 - https:\/\/yoast.com\/wordpress\/plugins\/seo\/ -->\n<title>ARCANIX: Softwarel\u00f6sungen f\u00fcr den IoT-Bereich | ARCANIX<\/title>\n<meta name=\"description\" content=\"Wir, ARCANIX, haben uns mit unserer Software das Ziel gesetzt, die Welt der IoT-Ger\u00e4te nachhaltig zu ver\u00e4ndern.\" \/>\n<meta name=\"robots\" content=\"index, follow, max-snippet:-1, max-image-preview:large, max-video-preview:-1\" \/>\n<link rel=\"canonical\" href=\"https:\/\/arcanix.at\/de\/\" \/>\n<meta property=\"og:locale\" content=\"de_DE\" \/>\n<meta property=\"og:type\" content=\"article\" \/>\n<meta property=\"og:title\" content=\"ARCANIX: Softwarel\u00f6sungen f\u00fcr den IoT-Bereich | ARCANIX\" \/>\n<meta property=\"og:description\" content=\"Wir, ARCANIX, haben uns mit unserer Software das Ziel gesetzt, die Welt der IoT-Ger\u00e4te nachhaltig zu ver\u00e4ndern.\" \/>\n<meta property=\"og:url\" content=\"https:\/\/arcanix.at\/de\/\" \/>\n<meta property=\"og:site_name\" content=\"ARCANIX\" \/>\n<meta property=\"article:modified_time\" content=\"2025-08-01T13:47:34+00:00\" \/>\n<meta property=\"og:image\" content=\"https:\/\/arcanix.at\/wp-content\/uploads\/2024\/10\/BeerJet-1.webp\" \/>\n<meta name=\"twitter:card\" content=\"summary_large_image\" \/>\n<meta name=\"twitter:label1\" content=\"Gesch\u00e4tzte Lesezeit\" \/>\n\t<meta name=\"twitter:data1\" content=\"3 Minuten\" \/>\n<script type=\"application\/ld+json\" class=\"yoast-schema-graph\">{\"@context\":\"https:\/\/schema.org\",\"@graph\":[{\"@type\":\"WebPage\",\"@id\":\"https:\/\/arcanix.at\/\",\"url\":\"https:\/\/arcanix.at\/\",\"name\":\"ARCANIX: Softwarel\u00f6sungen f\u00fcr den IoT-Bereich | ARCANIX\",\"isPartOf\":{\"@id\":\"https:\/\/arcanix.at\/#website\"},\"primaryImageOfPage\":{\"@id\":\"https:\/\/arcanix.at\/#primaryimage\"},\"image\":{\"@id\":\"https:\/\/arcanix.at\/#primaryimage\"},\"thumbnailUrl\":\"https:\/\/arcanix.at\/wp-content\/uploads\/2024\/10\/BeerJet-1.webp\",\"datePublished\":\"2024-05-18T07:38:07+00:00\",\"dateModified\":\"2025-08-01T13:47:34+00:00\",\"description\":\"Wir, ARCANIX, haben uns mit unserer Software das Ziel gesetzt, die Welt der IoT-Ger\u00e4te nachhaltig zu ver\u00e4ndern.\",\"breadcrumb\":{\"@id\":\"https:\/\/arcanix.at\/#breadcrumb\"},\"inLanguage\":\"de-AT\",\"potentialAction\":[{\"@type\":\"ReadAction\",\"target\":[\"https:\/\/arcanix.at\/\"]}]},{\"@type\":\"ImageObject\",\"inLanguage\":\"de-AT\",\"@id\":\"https:\/\/arcanix.at\/#primaryimage\",\"url\":\"https:\/\/arcanix.at\/wp-content\/uploads\/2024\/10\/BeerJet-1.webp\",\"contentUrl\":\"https:\/\/arcanix.at\/wp-content\/uploads\/2024\/10\/BeerJet-1.webp\"},{\"@type\":\"BreadcrumbList\",\"@id\":\"https:\/\/arcanix.at\/#breadcrumb\",\"itemListElement\":[{\"@type\":\"ListItem\",\"position\":1,\"name\":\"Startseite\",\"item\":\"https:\/\/arcanix.at\/\"},{\"@type\":\"ListItem\",\"position\":2,\"name\":\"Home\"}]},{\"@type\":\"WebSite\",\"@id\":\"https:\/\/arcanix.at\/#website\",\"url\":\"https:\/\/arcanix.at\/\",\"name\":\"ARCANIX\",\"description\":\"\",\"publisher\":{\"@id\":\"https:\/\/arcanix.at\/#organization\"},\"potentialAction\":[{\"@type\":\"SearchAction\",\"target\":{\"@type\":\"EntryPoint\",\"urlTemplate\":\"https:\/\/arcanix.at\/?s={search_term_string}\"},\"query-input\":{\"@type\":\"PropertyValueSpecification\",\"valueRequired\":true,\"valueName\":\"search_term_string\"}}],\"inLanguage\":\"de-AT\"},{\"@type\":\"Organization\",\"@id\":\"https:\/\/arcanix.at\/#organization\",\"name\":\"ARCANIX OG\",\"url\":\"https:\/\/arcanix.at\/\",\"logo\":{\"@type\":\"ImageObject\",\"inLanguage\":\"de-AT\",\"@id\":\"https:\/\/arcanix.at\/#\/schema\/logo\/image\/\",\"url\":\"https:\/\/arcanix.at\/wp-content\/uploads\/2024\/05\/Logo-2.png\",\"contentUrl\":\"https:\/\/arcanix.at\/wp-content\/uploads\/2024\/05\/Logo-2.png\",\"width\":297,\"height\":64,\"caption\":\"ARCANIX OG\"},\"image\":{\"@id\":\"https:\/\/arcanix.at\/#\/schema\/logo\/image\/\"}}]}<\/script>\n<!-- \/ Yoast SEO plugin. -->","yoast_head_json":{"title":"ARCANIX: Softwarel\u00f6sungen f\u00fcr den IoT-Bereich | ARCANIX","description":"Wir, ARCANIX, haben uns mit unserer Software das Ziel gesetzt, die Welt der IoT-Ger\u00e4te nachhaltig zu ver\u00e4ndern.","robots":{"index":"index","follow":"follow","max-snippet":"max-snippet:-1","max-image-preview":"max-image-preview:large","max-video-preview":"max-video-preview:-1"},"canonical":"https:\/\/arcanix.at\/de\/","og_locale":"de_DE","og_type":"article","og_title":"ARCANIX: Softwarel\u00f6sungen f\u00fcr den IoT-Bereich | ARCANIX","og_description":"Wir, ARCANIX, haben uns mit unserer Software das Ziel gesetzt, die Welt der IoT-Ger\u00e4te nachhaltig zu ver\u00e4ndern.","og_url":"https:\/\/arcanix.at\/de\/","og_site_name":"ARCANIX","article_modified_time":"2025-08-01T13:47:34+00:00","og_image":[{"url":"https:\/\/arcanix.at\/wp-content\/uploads\/2024\/10\/BeerJet-1.webp"}],"twitter_card":"summary_large_image","twitter_misc":{"Gesch\u00e4tzte Lesezeit":"3 Minuten"},"schema":{"@context":"https:\/\/schema.org","@graph":[{"@type":"WebPage","@id":"https:\/\/arcanix.at\/","url":"https:\/\/arcanix.at\/","name":"ARCANIX: Softwarel\u00f6sungen f\u00fcr den IoT-Bereich | ARCANIX","isPartOf":{"@id":"https:\/\/arcanix.at\/#website"},"primaryImageOfPage":{"@id":"https:\/\/arcanix.at\/#primaryimage"},"image":{"@id":"https:\/\/arcanix.at\/#primaryimage"},"thumbnailUrl":"https:\/\/arcanix.at\/wp-content\/uploads\/2024\/10\/BeerJet-1.webp","datePublished":"2024-05-18T07:38:07+00:00","dateModified":"2025-08-01T13:47:34+00:00","description":"Wir, ARCANIX, haben uns mit unserer Software das Ziel gesetzt, die Welt der IoT-Ger\u00e4te nachhaltig zu ver\u00e4ndern.","breadcrumb":{"@id":"https:\/\/arcanix.at\/#breadcrumb"},"inLanguage":"de-AT","potentialAction":[{"@type":"ReadAction","target":["https:\/\/arcanix.at\/"]}]},{"@type":"ImageObject","inLanguage":"de-AT","@id":"https:\/\/arcanix.at\/#primaryimage","url":"https:\/\/arcanix.at\/wp-content\/uploads\/2024\/10\/BeerJet-1.webp","contentUrl":"https:\/\/arcanix.at\/wp-content\/uploads\/2024\/10\/BeerJet-1.webp"},{"@type":"BreadcrumbList","@id":"https:\/\/arcanix.at\/#breadcrumb","itemListElement":[{"@type":"ListItem","position":1,"name":"Startseite","item":"https:\/\/arcanix.at\/"},{"@type":"ListItem","position":2,"name":"Home"}]},{"@type":"WebSite","@id":"https:\/\/arcanix.at\/#website","url":"https:\/\/arcanix.at\/","name":"ARCANIX","description":"","publisher":{"@id":"https:\/\/arcanix.at\/#organization"},"potentialAction":[{"@type":"SearchAction","target":{"@type":"EntryPoint","urlTemplate":"https:\/\/arcanix.at\/?s={search_term_string}"},"query-input":{"@type":"PropertyValueSpecification","valueRequired":true,"valueName":"search_term_string"}}],"inLanguage":"de-AT"},{"@type":"Organization","@id":"https:\/\/arcanix.at\/#organization","name":"ARCANIX OG","url":"https:\/\/arcanix.at\/","logo":{"@type":"ImageObject","inLanguage":"de-AT","@id":"https:\/\/arcanix.at\/#\/schema\/logo\/image\/","url":"https:\/\/arcanix.at\/wp-content\/uploads\/2024\/05\/Logo-2.png","contentUrl":"https:\/\/arcanix.at\/wp-content\/uploads\/2024\/05\/Logo-2.png","width":297,"height":64,"caption":"ARCANIX OG"},"image":{"@id":"https:\/\/arcanix.at\/#\/schema\/logo\/image\/"}}]}},"uagb_featured_image_src":{"full":false,"thumbnail":false,"medium":false,"medium_large":false,"large":false,"1536x1536":false,"2048x2048":false,"trp-custom-language-flag":false},"uagb_author_info":{"display_name":"admin","author_link":"https:\/\/arcanix.at\/de\/author\/admin\/"},"uagb_comment_info":0,"uagb_excerpt":"ARCANIX:IoT of the future ARCANIX: Internet of things Just over 50 years ago, the Internet was known as Arpanet and was limited to a group of universities. Today, the internet connects over 26 billion devices around the globe. Around half of these devices come from the IoT sector. By 2030, there will even be over&hellip;","_links":{"self":[{"href":"https:\/\/arcanix.at\/de\/wp-json\/wp\/v2\/pages\/135"}],"collection":[{"href":"https:\/\/arcanix.at\/de\/wp-json\/wp\/v2\/pages"}],"about":[{"href":"https:\/\/arcanix.at\/de\/wp-json\/wp\/v2\/types\/page"}],"author":[{"embeddable":true,"href":"https:\/\/arcanix.at\/de\/wp-json\/wp\/v2\/users\/1"}],"replies":[{"embeddable":true,"href":"https:\/\/arcanix.at\/de\/wp-json\/wp\/v2\/comments?post=135"}],"version-history":[{"count":114,"href":"https:\/\/arcanix.at\/de\/wp-json\/wp\/v2\/pages\/135\/revisions"}],"predecessor-version":[{"id":2065,"href":"https:\/\/arcanix.at\/de\/wp-json\/wp\/v2\/pages\/135\/revisions\/2065"}],"wp:attachment":[{"href":"https:\/\/arcanix.at\/de\/wp-json\/wp\/v2\/media?parent=135"}],"curies":[{"name":"wp","href":"https:\/\/api.w.org\/{rel}","templated":true}]}}