{"id":137,"date":"2024-05-18T09:38:08","date_gmt":"2024-05-18T07:38:08","guid":{"rendered":"https:\/\/arcanix.at\/services\/"},"modified":"2025-08-01T15:52:58","modified_gmt":"2025-08-01T13:52:58","slug":"configuration-management","status":"publish","type":"page","link":"https:\/\/arcanix.at\/de\/configuration-management\/","title":{"rendered":"Configuration Management"},"content":{"rendered":"<div class=\"wp-block-uagb-container uagb-block-f3071285 alignfull uagb-is-root-container\"><div class=\"uagb-container-inner-blocks-wrap\">\n<div class=\"wp-block-uagb-info-box uagb-block-4b802a1c uagb-infobox__content-wrap  uagb-infobox-icon-above-title uagb-infobox-image-valign-top\"><div class=\"uagb-ifb-content\"><div class=\"uagb-ifb-separator\"><\/div><div class=\"uagb-ifb-title-wrap\"><h1 class=\"uagb-ifb-title\">ARCANIX Configuration Management<\/h1><\/div><\/div><\/div>\n<\/div><\/div>\n\n\n\n<div class=\"wp-block-uagb-container uagb-block-b0bb5e83 alignfull uagb-is-root-container\"><div class=\"uagb-container-inner-blocks-wrap\">\n<div class=\"wp-block-uagb-container uagb-layout-grid uagb-block-91379876\">\n<h2 class=\"wp-block-heading\">Configuration Management \u2013 Das Problem<\/h2>\n\n\n\n<p>Die Verwaltung von Installationen in heterogenen Umgebungen ist eine Herausforderung. W\u00e4hrend Tools wie Ansible die Serververwaltung vereinfachen, ist sie im IoT viel komplexer. Ger\u00e4te k\u00f6nnen nicht immer sofort aktualisiert werden, Anforderungen k\u00f6nnen sich r\u00fcckwirkend \u00e4ndern und spezielle Konfigurationen k\u00f6nnen Abweichungen verursachen. ARCANIX Configuration Management wurde aus diesem Grund entwickelt.<\/p>\n\n\n\n<h2 class=\"wp-block-heading\">Die L\u00f6sung<\/h2>\n\n\n\n<p>ARCANIX Configuration Management hat es sich zum Ziel gesetzt, dieses Problem zu l\u00f6sen. Die Idee: eine zentralisierte Anwendung, in der Updates definiert und verwaltet werden k\u00f6nnen. Das Hauptaugenmerk liegt dabei auf der Kompatibilit\u00e4t.<\/p>\n\n\n\n<div class=\"wp-block-uagb-icon-list uagb-block-3eb636ee\"><div class=\"uagb-icon-list__wrap\">\n<div class=\"wp-block-uagb-icon-list-child uagb-block-0760377e\"><span class=\"uagb-icon-list__source-wrap\"><svg xmlns=\"https:\/\/www.w3.org\/2000\/svg\" viewbox=\"0 0 512 512\"><path d=\"M256 0C114.6 0 0 114.6 0 256c0 141.4 114.6 256 256 256s256-114.6 256-256C512 114.6 397.4 0 256 0zM406.6 278.6l-103.1 103.1c-12.5 12.5-32.75 12.5-45.25 0s-12.5-32.75 0-45.25L306.8 288H128C110.3 288 96 273.7 96 256s14.31-32 32-32h178.8l-49.38-49.38c-12.5-12.5-12.5-32.75 0-45.25s32.75-12.5 45.25 0l103.1 103.1C414.6 241.3 416 251.1 416 256C416 260.9 414.6 270.7 406.6 278.6z\"><\/path><\/svg><\/span><span class=\"uagb-icon-list__label\"><strong>Ein Ger\u00e4t ist derzeit nicht online?<\/strong> Kein Problem, ein Update kann f\u00fcr ein Ger\u00e4t heute geplant werden, und sobald es Internet hat, wird das Update geladen, auch wenn dazwischen Jahre vergangen sind.<\/span><\/div>\n\n\n\n<div class=\"wp-block-uagb-icon-list-child uagb-block-c8e55c4c\"><span class=\"uagb-icon-list__source-wrap\"><svg xmlns=\"https:\/\/www.w3.org\/2000\/svg\" viewbox=\"0 0 512 512\"><path d=\"M256 0C114.6 0 0 114.6 0 256c0 141.4 114.6 256 256 256s256-114.6 256-256C512 114.6 397.4 0 256 0zM406.6 278.6l-103.1 103.1c-12.5 12.5-32.75 12.5-45.25 0s-12.5-32.75 0-45.25L306.8 288H128C110.3 288 96 273.7 96 256s14.31-32 32-32h178.8l-49.38-49.38c-12.5-12.5-12.5-32.75 0-45.25s32.75-12.5 45.25 0l103.1 103.1C414.6 241.3 416 251.1 416 256C416 260.9 414.6 270.7 406.6 278.6z\"><\/path><\/svg><\/span><span class=\"uagb-icon-list__label\"><strong>Ein Update muss aufgrund einer kritischen Sicherheitsl\u00fccke oder aufgrund von \u00c4nderungen in den Abh\u00e4ngigkeiten ge\u00e4ndert werden?<\/strong> Kein Problem, da ARCANIX auf einer losen Graphenarchitektur basiert, k\u00f6nnen Aktualisierungen auch in Zukunft nach Bedarf angepasst und ver\u00e4ndert werden.<\/span><\/div>\n\n\n\n<div class=\"wp-block-uagb-icon-list-child uagb-block-2219f5c4\"><span class=\"uagb-icon-list__source-wrap\"><svg xmlns=\"https:\/\/www.w3.org\/2000\/svg\" viewbox=\"0 0 512 512\"><path d=\"M256 0C114.6 0 0 114.6 0 256c0 141.4 114.6 256 256 256s256-114.6 256-256C512 114.6 397.4 0 256 0zM406.6 278.6l-103.1 103.1c-12.5 12.5-32.75 12.5-45.25 0s-12.5-32.75 0-45.25L306.8 288H128C110.3 288 96 273.7 96 256s14.31-32 32-32h178.8l-49.38-49.38c-12.5-12.5-12.5-32.75 0-45.25s32.75-12.5 45.25 0l103.1 103.1C414.6 241.3 416 251.1 416 256C416 260.9 414.6 270.7 406.6 278.6z\"><\/path><\/svg><\/span><span class=\"uagb-icon-list__label\"><strong>Ein Kunde hat spezielle Anforderungen und die Ger\u00e4tekonfiguration weicht ab?<\/strong> Kein Problem, denn mit unserer Softwarel\u00f6sung k\u00f6nnen Sie genau festlegen, was ge\u00e4ndert werden soll und was nicht, die Anwendung ist belastbar und kann auch mit unterschiedlichen Umgebungen gut umgehen.<\/span><\/div>\n\n\n\n<div class=\"wp-block-uagb-icon-list-child uagb-block-90b73153\"><span class=\"uagb-icon-list__source-wrap\"><svg xmlns=\"https:\/\/www.w3.org\/2000\/svg\" viewbox=\"0 0 512 512\"><path d=\"M256 0C114.6 0 0 114.6 0 256c0 141.4 114.6 256 256 256s256-114.6 256-256C512 114.6 397.4 0 256 0zM406.6 278.6l-103.1 103.1c-12.5 12.5-32.75 12.5-45.25 0s-12.5-32.75 0-45.25L306.8 288H128C110.3 288 96 273.7 96 256s14.31-32 32-32h178.8l-49.38-49.38c-12.5-12.5-12.5-32.75 0-45.25s32.75-12.5 45.25 0l103.1 103.1C414.6 241.3 416 251.1 416 256C416 260.9 414.6 270.7 406.6 278.6z\"><\/path><\/svg><\/span><span class=\"uagb-icon-list__label\"><strong>Auf welchen Betriebssystemen kann ARCANIX Configuration Management eingesetzt werden?<\/strong> Die Client-Software kann in allen Umgebungen ausgef\u00fchrt werden, die .NET 8 unterst\u00fctzen (z.\u202fB. Windows und Linux). Nicht sicher, ob das auch f\u00fcr Ihr System gilt? Kontaktieren Sie uns und wir finden es kostenlos f\u00fcr Sie heraus.<\/span><\/div>\n<\/div><\/div>\n<\/div>\n<\/div><\/div>\n\n\n\n<div class=\"wp-block-uagb-container uagb-block-24644630 alignfull uagb-is-root-container\"><div class=\"uagb-container-inner-blocks-wrap\">\n<h2 class=\"wp-block-heading\">Vorteile von ARCANIX Configuration Management<\/h2>\n<\/div><\/div>\n\n\n\n<div class=\"wp-block-uagb-container uagb-block-43eb9d9b alignfull uagb-is-root-container\"><div class=\"uagb-container-inner-blocks-wrap\">\n<div class=\"wp-block-uagb-container uagb-block-851c11f1\">\n<div class=\"wp-block-uagb-container uagb-block-ed87978e\">\n<svg xmlns=\"http:\/\/www.w3.org\/2000\/svg\" viewbox=\"0 0 448 512\"><!--!Font Awesome Free 6.5.2 by @fontawesome - https:\/\/fontawesome.com License - https:\/\/fontawesome.com\/license\/free Copyright 2024 Fonticons, Inc.--><path d=\"M176 0c-17.7 0-32 14.3-32 32s14.3 32 32 32h16V98.4C92.3 113.8 16 200 16 304c0 114.9 93.1 208 208 208s208-93.1 208-208c0-41.8-12.3-80.7-33.5-113.2l24.1-24.1c12.5-12.5 12.5-32.8 0-45.3s-32.8-12.5-45.3 0L355.7 143c-28.1-23-62.2-38.8-99.7-44.6V64h16c17.7 0 32-14.3 32-32s-14.3-32-32-32H224 176zm72 192V320c0 13.3-10.7 24-24 24s-24-10.7-24-24V192c0-13.3 10.7-24 24-24s24 10.7 24 24z\"\/><\/svg>\n<\/div>\n\n\n\n<h4 class=\"wp-block-heading has-text-align-center\" style=\"font-size:30px\">\u00dcberall und jederzeit<\/h4>\n\n\n\n<p>ARCANIX Configuration Management erm\u00f6glicht die Durchf\u00fchrung von Updates zu jeder Zeit und von jedem Ort aus<\/p>\n<\/div>\n\n\n\n<div class=\"wp-block-uagb-container uagb-block-b581bea0\">\n<div class=\"wp-block-uagb-container uagb-block-411335d9\">\n<svg xmlns=\"http:\/\/www.w3.org\/2000\/svg\" viewbox=\"0 0 640 512\"><!--!Font Awesome Free 6.5.2 by @fontawesome - https:\/\/fontawesome.com License - https:\/\/fontawesome.com\/license\/free Copyright 2024 Fonticons, Inc.--><path d=\"M112 0C85.5 0 64 21.5 64 48V96H16c-8.8 0-16 7.2-16 16s7.2 16 16 16H64 272c8.8 0 16 7.2 16 16s-7.2 16-16 16H64 48c-8.8 0-16 7.2-16 16s7.2 16 16 16H64 240c8.8 0 16 7.2 16 16s-7.2 16-16 16H64 16c-8.8 0-16 7.2-16 16s7.2 16 16 16H64 208c8.8 0 16 7.2 16 16s-7.2 16-16 16H64V416c0 53 43 96 96 96s96-43 96-96H384c0 53 43 96 96 96s96-43 96-96h32c17.7 0 32-14.3 32-32s-14.3-32-32-32V288 256 237.3c0-17-6.7-33.3-18.7-45.3L512 114.7c-12-12-28.3-18.7-45.3-18.7H416V48c0-26.5-21.5-48-48-48H112zM544 237.3V256H416V160h50.7L544 237.3zM160 368a48 48 0 1 1 0 96 48 48 0 1 1 0-96zm272 48a48 48 0 1 1 96 0 48 48 0 1 1 -96 0z\"\/><\/svg>\n<\/div>\n\n\n\n<h4 class=\"wp-block-heading has-text-align-center\" style=\"font-size:30px\">Zentrale Verwaltung<br><\/h4>\n\n\n\n<p>Administratoren k\u00f6nnen alle Aspekte der Systemkonfiguration zentral steuern und \u00fcberwachen. Das Risiko menschlicher Fehler wird durch die umfassende L\u00f6sung minimiert.<\/p>\n<\/div>\n\n\n\n<div class=\"wp-block-uagb-container uagb-block-c0accaab\">\n<div class=\"wp-block-uagb-container uagb-block-87f41475\">\n<svg xmlns=\"http:\/\/www.w3.org\/2000\/svg\" viewbox=\"0 0 512 512\"><!--!Font Awesome Free 6.5.2 by @fontawesome - https:\/\/fontawesome.com License - https:\/\/fontawesome.com\/license\/free Copyright 2024 Fonticons, Inc.--><path d=\"M256 0c4.6 0 9.2 1 13.4 2.9L457.7 82.8c22 9.3 38.4 31 38.3 57.2c-.5 99.2-41.3 280.7-213.6 363.2c-16.7 8-36.1 8-52.8 0C57.3 420.7 16.5 239.2 16 140c-.1-26.2 16.3-47.9 38.3-57.2L242.7 2.9C246.8 1 251.4 0 256 0z\"\/><\/svg>\n<\/div>\n\n\n\n<h4 class=\"wp-block-heading has-text-align-center\" style=\"font-size:30px\">Flexible Anwendung<br><\/h4>\n\n\n\n<p>Dank der graphenbasierten Architektur ist es m\u00f6glich, die Verwaltung der Konfigurationen genau auf die Bed\u00fcrfnisse des Benutzers abzustimmen<\/p>\n<\/div>\n<\/div><\/div>\n\n\n\n<div class=\"wp-block-uagb-container uagb-block-2946d398 alignfull uagb-is-root-container\"><div class=\"uagb-container-inner-blocks-wrap\">\n<div class=\"wp-block-uagb-container uagb-block-63a7218a\"><\/div>\n\n\n\n<p>ARCANIX Configuration Management bietet zahlreiche Vorteile, insbesondere in komplexen und heterogenen Umgebungen. Durch die zentrale Steuerung vereinfacht es die Verwaltung von Konfigurationen, wodurch der manuelle Aufwand reduziert und das Fehlerrisiko minimiert wird. Dar\u00fcber hinaus erm\u00f6glicht die flexible Architektur nicht nur eine schnelle Anpassung an sich \u00e4ndernde Anforderungen, sondern auch die nahtlose Integration von Sonderkonfigurationen.<\/p>\n\n\n\n<p>Neben seiner Flexibilit\u00e4t zeichnet sich ARCANIX auch durch seine Skalierbarkeit aus. Es kann eine wachsende Zahl von Ger\u00e4ten und komplexen Umgebungen effizient verwalten, ohne dass die Leistung darunter leidet. Dar\u00fcber hinaus spart die Automatisierung der Konfigurationsverwaltung nicht nur Zeit, sondern steigert auch die Gesamteffizienz.<\/p>\n\n\n\n<p>Ein weiterer entscheidender Vorteil ist die Sicherheit, denn ARCANIX sorgt daf\u00fcr, dass alle Ger\u00e4te rechtzeitig mit Updates versorgt werden, was Schwachstellen deutlich reduziert. Die Zuverl\u00e4ssigkeit des Systems wird durch seinen proaktiven Ansatz beim Konfigurationsmanagement unterst\u00fctzt, der Ausfallzeiten effektiv minimiert. Und schlie\u00dflich erm\u00f6glicht die graphenbasierte Architektur von ARCANIX eine pr\u00e4zise und flexible Anpassung an die spezifischen Bed\u00fcrfnisse der Benutzer und eine rasche Anpassung an nachtr\u00e4gliche \u00c4nderungen.<\/p>\n\n\n\n<div class=\"wp-block-uagb-container uagb-block-0427963c\">\n<p><\/p>\n<\/div>\n\n\n\n<div class=\"wp-block-uagb-container uagb-block-a245855d\"><\/div>\n<\/div><\/div>\n\n\n\n<div class=\"wp-block-uagb-container uagb-block-3e9f6878 alignfull uagb-is-root-container\"><div class=\"uagb-container-inner-blocks-wrap\">\n<div class=\"wp-block-uagb-container uagb-block-1d303438\">\n<div class=\"wp-block-uagb-container uagb-block-780694b9\">\n<div class=\"wp-block-uagb-info-box uagb-block-606ceebc uagb-infobox__content-wrap  uagb-infobox-icon-above-title uagb-infobox-image-valign-top\"><div class=\"uagb-ifb-content\"><div class=\"uagb-ifb-title-wrap\"><h3 class=\"uagb-ifb-title\">Haben wir Ihr Interesse geweckt?<\/h3><\/div><p class=\"uagb-ifb-desc\">Bitte kontaktieren Sie uns per Telefon oder E-Mail, wenn Sie mehr \u00fcber ARCANIX Configuration Management erfahren m\u00f6chten.<\/p><\/div><\/div>\n\n\n\n<div class=\"wp-block-uagb-buttons uagb-buttons__outer-wrap uagb-btn__default-btn uagb-btn-tablet__default-btn uagb-btn-mobile__default-btn uagb-block-0ae8e13a\"><div class=\"uagb-buttons__wrap uagb-buttons-layout-wrap\">\n<div class=\"wp-block-uagb-buttons-child uagb-buttons__outer-wrap uagb-block-cb306a15 wp-block-button\"><div class=\"uagb-button__wrapper\"><a class=\"uagb-buttons-repeater wp-block-button__link\" aria-label=\"\" href=\"https:\/\/arcanix.at\/de\/contact\/\" rel=\"follow noopener\" target=\"_self\" role=\"button\"><div class=\"uagb-button__link\">Kontaktieren Sie uns<\/div><\/a><\/div><\/div>\n<\/div><\/div>\n<\/div>\n\n\n\n<div class=\"wp-block-uagb-container uagb-block-fa105855\">\n<div class=\"wp-block-uagb-image alignright uagb-block-cc81a440 wp-block-uagb-image--layout-default wp-block-uagb-image--effect-static wp-block-uagb-image--align-right\"><figure class=\"wp-block-uagb-image__figure\"><img loading=\"lazy\" decoding=\"async\" srcset=\"https:\/\/arcanix.at\/wp-content\/uploads\/2024\/07\/125032-1024x581.jpg ,https:\/\/arcanix.at\/wp-content\/uploads\/2024\/07\/125032.jpg 780w, https:\/\/arcanix.at\/wp-content\/uploads\/2024\/07\/125032.jpg 360w\" sizes=\"(max-width: 480px) 150px\" src=\"https:\/\/arcanix.at\/wp-content\/uploads\/2024\/07\/125032-1024x581.jpg\" alt=\"\" class=\"uag-image-1534\" width=\"1024\" height=\"581\" title=\"125032\" role=\"img\"\/><\/figure><\/div>\n<\/div>\n<\/div>\n<\/div><\/div>\n\n\n\n<p><\/p>","protected":false},"excerpt":{"rendered":"<p>Configuration Management &#8211; The problem Managing installations in heterogeneous environments is challenging. While tools like Ansible simplify server administration, it\u2019s much more complex in IoT. Devices can\u2019t always be updated immediately, requirements may change retroactively, and special configurations can cause deviations. ARCANIX Configuration Management was developed for this reason. The solution ARCANIX Configuration Management has [&hellip;]<\/p>","protected":false},"author":1,"featured_media":0,"parent":0,"menu_order":0,"comment_status":"closed","ping_status":"closed","template":"","meta":{"_uag_custom_page_level_css":"","site-sidebar-layout":"no-sidebar","site-content-layout":"page-builder","ast-site-content-layout":"full-width-container","site-content-style":"unboxed","site-sidebar-style":"unboxed","ast-global-header-display":"","ast-banner-title-visibility":"","ast-main-header-display":"","ast-hfb-above-header-display":"","ast-hfb-below-header-display":"","ast-hfb-mobile-header-display":"","site-post-title":"disabled","ast-breadcrumbs-content":"","ast-featured-img":"disabled","footer-sml-layout":"","theme-transparent-header-meta":"enabled","adv-header-id-meta":"","stick-header-meta":"","header-above-stick-meta":"","header-main-stick-meta":"","header-below-stick-meta":"","astra-migrate-meta-layouts":"set","ast-page-background-enabled":"default","ast-page-background-meta":{"desktop":{"background-color":"var(--ast-global-color-4)","background-image":"","background-repeat":"repeat","background-position":"center center","background-size":"auto","background-attachment":"scroll","background-type":"","background-media":"","overlay-type":"","overlay-color":"","overlay-opacity":"","overlay-gradient":""},"tablet":{"background-color":"","background-image":"","background-repeat":"repeat","background-position":"center center","background-size":"auto","background-attachment":"scroll","background-type":"","background-media":"","overlay-type":"","overlay-color":"","overlay-opacity":"","overlay-gradient":""},"mobile":{"background-color":"","background-image":"","background-repeat":"repeat","background-position":"center center","background-size":"auto","background-attachment":"scroll","background-type":"","background-media":"","overlay-type":"","overlay-color":"","overlay-opacity":"","overlay-gradient":""}},"ast-content-background-meta":{"desktop":{"background-color":"var(--ast-global-color-5)","background-image":"","background-repeat":"repeat","background-position":"center center","background-size":"auto","background-attachment":"scroll","background-type":"","background-media":"","overlay-type":"","overlay-color":"","overlay-opacity":"","overlay-gradient":""},"tablet":{"background-color":"var(--ast-global-color-5)","background-image":"","background-repeat":"repeat","background-position":"center center","background-size":"auto","background-attachment":"scroll","background-type":"","background-media":"","overlay-type":"","overlay-color":"","overlay-opacity":"","overlay-gradient":""},"mobile":{"background-color":"var(--ast-global-color-5)","background-image":"","background-repeat":"repeat","background-position":"center center","background-size":"auto","background-attachment":"scroll","background-type":"","background-media":"","overlay-type":"","overlay-color":"","overlay-opacity":"","overlay-gradient":""}},"footnotes":""},"yoast_head":"<!-- This site is optimized with the Yoast SEO plugin v23.9 - https:\/\/yoast.com\/wordpress\/plugins\/seo\/ -->\n<title>Die Configuration Management L\u00f6sung von ARCANIX | ARCANIX<\/title>\n<meta name=\"description\" content=\"ARCANIX Configuration Management ist ein moderner, graphenbasierter Ansatz f\u00fcr ein effizientes Configuration Management.\" \/>\n<meta name=\"robots\" content=\"index, follow, max-snippet:-1, max-image-preview:large, max-video-preview:-1\" \/>\n<link rel=\"canonical\" href=\"https:\/\/arcanix.at\/de\/configuration-management\/\" \/>\n<meta property=\"og:locale\" content=\"de_DE\" \/>\n<meta property=\"og:type\" content=\"article\" \/>\n<meta property=\"og:title\" content=\"Die Configuration Management L\u00f6sung von ARCANIX | ARCANIX\" \/>\n<meta property=\"og:description\" content=\"ARCANIX Configuration Management ist ein moderner, graphenbasierter Ansatz f\u00fcr ein effizientes Configuration Management.\" \/>\n<meta property=\"og:url\" content=\"https:\/\/arcanix.at\/de\/configuration-management\/\" \/>\n<meta property=\"og:site_name\" content=\"ARCANIX\" \/>\n<meta property=\"article:modified_time\" content=\"2025-08-01T13:52:58+00:00\" \/>\n<meta property=\"og:image\" content=\"https:\/\/arcanix.at\/wp-content\/uploads\/2024\/07\/125032-1024x581.jpg\" \/>\n<meta name=\"twitter:card\" content=\"summary_large_image\" \/>\n<meta name=\"twitter:label1\" content=\"Gesch\u00e4tzte Lesezeit\" \/>\n\t<meta name=\"twitter:data1\" content=\"3 Minuten\" \/>\n<script type=\"application\/ld+json\" class=\"yoast-schema-graph\">{\"@context\":\"https:\/\/schema.org\",\"@graph\":[{\"@type\":\"WebPage\",\"@id\":\"https:\/\/arcanix.at\/configuration-management\/\",\"url\":\"https:\/\/arcanix.at\/configuration-management\/\",\"name\":\"Die Configuration Management L\u00f6sung von ARCANIX | ARCANIX\",\"isPartOf\":{\"@id\":\"https:\/\/arcanix.at\/#website\"},\"primaryImageOfPage\":{\"@id\":\"https:\/\/arcanix.at\/configuration-management\/#primaryimage\"},\"image\":{\"@id\":\"https:\/\/arcanix.at\/configuration-management\/#primaryimage\"},\"thumbnailUrl\":\"https:\/\/arcanix.at\/wp-content\/uploads\/2024\/07\/125032-1024x581.jpg\",\"datePublished\":\"2024-05-18T07:38:08+00:00\",\"dateModified\":\"2025-08-01T13:52:58+00:00\",\"description\":\"ARCANIX Configuration Management ist ein moderner, graphenbasierter Ansatz f\u00fcr ein effizientes Configuration Management.\",\"breadcrumb\":{\"@id\":\"https:\/\/arcanix.at\/configuration-management\/#breadcrumb\"},\"inLanguage\":\"de-AT\",\"potentialAction\":[{\"@type\":\"ReadAction\",\"target\":[\"https:\/\/arcanix.at\/configuration-management\/\"]}]},{\"@type\":\"ImageObject\",\"inLanguage\":\"de-AT\",\"@id\":\"https:\/\/arcanix.at\/configuration-management\/#primaryimage\",\"url\":\"https:\/\/arcanix.at\/wp-content\/uploads\/2024\/07\/125032-1024x581.jpg\",\"contentUrl\":\"https:\/\/arcanix.at\/wp-content\/uploads\/2024\/07\/125032-1024x581.jpg\"},{\"@type\":\"BreadcrumbList\",\"@id\":\"https:\/\/arcanix.at\/configuration-management\/#breadcrumb\",\"itemListElement\":[{\"@type\":\"ListItem\",\"position\":1,\"name\":\"Startseite\",\"item\":\"https:\/\/arcanix.at\/\"},{\"@type\":\"ListItem\",\"position\":2,\"name\":\"Configuration Management\"}]},{\"@type\":\"WebSite\",\"@id\":\"https:\/\/arcanix.at\/#website\",\"url\":\"https:\/\/arcanix.at\/\",\"name\":\"ARCANIX\",\"description\":\"\",\"publisher\":{\"@id\":\"https:\/\/arcanix.at\/#organization\"},\"potentialAction\":[{\"@type\":\"SearchAction\",\"target\":{\"@type\":\"EntryPoint\",\"urlTemplate\":\"https:\/\/arcanix.at\/?s={search_term_string}\"},\"query-input\":{\"@type\":\"PropertyValueSpecification\",\"valueRequired\":true,\"valueName\":\"search_term_string\"}}],\"inLanguage\":\"de-AT\"},{\"@type\":\"Organization\",\"@id\":\"https:\/\/arcanix.at\/#organization\",\"name\":\"ARCANIX OG\",\"url\":\"https:\/\/arcanix.at\/\",\"logo\":{\"@type\":\"ImageObject\",\"inLanguage\":\"de-AT\",\"@id\":\"https:\/\/arcanix.at\/#\/schema\/logo\/image\/\",\"url\":\"https:\/\/arcanix.at\/wp-content\/uploads\/2024\/05\/Logo-2.png\",\"contentUrl\":\"https:\/\/arcanix.at\/wp-content\/uploads\/2024\/05\/Logo-2.png\",\"width\":297,\"height\":64,\"caption\":\"ARCANIX OG\"},\"image\":{\"@id\":\"https:\/\/arcanix.at\/#\/schema\/logo\/image\/\"}}]}<\/script>\n<!-- \/ Yoast SEO plugin. -->","yoast_head_json":{"title":"Die Configuration Management L\u00f6sung von ARCANIX | ARCANIX","description":"ARCANIX Configuration Management ist ein moderner, graphenbasierter Ansatz f\u00fcr ein effizientes Configuration Management.","robots":{"index":"index","follow":"follow","max-snippet":"max-snippet:-1","max-image-preview":"max-image-preview:large","max-video-preview":"max-video-preview:-1"},"canonical":"https:\/\/arcanix.at\/de\/configuration-management\/","og_locale":"de_DE","og_type":"article","og_title":"Die Configuration Management L\u00f6sung von ARCANIX | ARCANIX","og_description":"ARCANIX Configuration Management ist ein moderner, graphenbasierter Ansatz f\u00fcr ein effizientes Configuration Management.","og_url":"https:\/\/arcanix.at\/de\/configuration-management\/","og_site_name":"ARCANIX","article_modified_time":"2025-08-01T13:52:58+00:00","og_image":[{"url":"https:\/\/arcanix.at\/wp-content\/uploads\/2024\/07\/125032-1024x581.jpg"}],"twitter_card":"summary_large_image","twitter_misc":{"Gesch\u00e4tzte Lesezeit":"3 Minuten"},"schema":{"@context":"https:\/\/schema.org","@graph":[{"@type":"WebPage","@id":"https:\/\/arcanix.at\/configuration-management\/","url":"https:\/\/arcanix.at\/configuration-management\/","name":"Die Configuration Management L\u00f6sung von ARCANIX | ARCANIX","isPartOf":{"@id":"https:\/\/arcanix.at\/#website"},"primaryImageOfPage":{"@id":"https:\/\/arcanix.at\/configuration-management\/#primaryimage"},"image":{"@id":"https:\/\/arcanix.at\/configuration-management\/#primaryimage"},"thumbnailUrl":"https:\/\/arcanix.at\/wp-content\/uploads\/2024\/07\/125032-1024x581.jpg","datePublished":"2024-05-18T07:38:08+00:00","dateModified":"2025-08-01T13:52:58+00:00","description":"ARCANIX Configuration Management ist ein moderner, graphenbasierter Ansatz f\u00fcr ein effizientes Configuration Management.","breadcrumb":{"@id":"https:\/\/arcanix.at\/configuration-management\/#breadcrumb"},"inLanguage":"de-AT","potentialAction":[{"@type":"ReadAction","target":["https:\/\/arcanix.at\/configuration-management\/"]}]},{"@type":"ImageObject","inLanguage":"de-AT","@id":"https:\/\/arcanix.at\/configuration-management\/#primaryimage","url":"https:\/\/arcanix.at\/wp-content\/uploads\/2024\/07\/125032-1024x581.jpg","contentUrl":"https:\/\/arcanix.at\/wp-content\/uploads\/2024\/07\/125032-1024x581.jpg"},{"@type":"BreadcrumbList","@id":"https:\/\/arcanix.at\/configuration-management\/#breadcrumb","itemListElement":[{"@type":"ListItem","position":1,"name":"Startseite","item":"https:\/\/arcanix.at\/"},{"@type":"ListItem","position":2,"name":"Configuration Management"}]},{"@type":"WebSite","@id":"https:\/\/arcanix.at\/#website","url":"https:\/\/arcanix.at\/","name":"ARCANIX","description":"","publisher":{"@id":"https:\/\/arcanix.at\/#organization"},"potentialAction":[{"@type":"SearchAction","target":{"@type":"EntryPoint","urlTemplate":"https:\/\/arcanix.at\/?s={search_term_string}"},"query-input":{"@type":"PropertyValueSpecification","valueRequired":true,"valueName":"search_term_string"}}],"inLanguage":"de-AT"},{"@type":"Organization","@id":"https:\/\/arcanix.at\/#organization","name":"ARCANIX OG","url":"https:\/\/arcanix.at\/","logo":{"@type":"ImageObject","inLanguage":"de-AT","@id":"https:\/\/arcanix.at\/#\/schema\/logo\/image\/","url":"https:\/\/arcanix.at\/wp-content\/uploads\/2024\/05\/Logo-2.png","contentUrl":"https:\/\/arcanix.at\/wp-content\/uploads\/2024\/05\/Logo-2.png","width":297,"height":64,"caption":"ARCANIX OG"},"image":{"@id":"https:\/\/arcanix.at\/#\/schema\/logo\/image\/"}}]}},"uagb_featured_image_src":{"full":false,"thumbnail":false,"medium":false,"medium_large":false,"large":false,"1536x1536":false,"2048x2048":false,"trp-custom-language-flag":false},"uagb_author_info":{"display_name":"admin","author_link":"https:\/\/arcanix.at\/de\/author\/admin\/"},"uagb_comment_info":0,"uagb_excerpt":"Configuration Management &#8211; The problem Managing installations in heterogeneous environments is challenging. While tools like Ansible simplify server administration, it\u2019s much more complex in IoT. Devices can\u2019t always be updated immediately, requirements may change retroactively, and special configurations can cause deviations. ARCANIX Configuration Management was developed for this reason. The solution ARCANIX Configuration Management has&hellip;","_links":{"self":[{"href":"https:\/\/arcanix.at\/de\/wp-json\/wp\/v2\/pages\/137"}],"collection":[{"href":"https:\/\/arcanix.at\/de\/wp-json\/wp\/v2\/pages"}],"about":[{"href":"https:\/\/arcanix.at\/de\/wp-json\/wp\/v2\/types\/page"}],"author":[{"embeddable":true,"href":"https:\/\/arcanix.at\/de\/wp-json\/wp\/v2\/users\/1"}],"replies":[{"embeddable":true,"href":"https:\/\/arcanix.at\/de\/wp-json\/wp\/v2\/comments?post=137"}],"version-history":[{"count":120,"href":"https:\/\/arcanix.at\/de\/wp-json\/wp\/v2\/pages\/137\/revisions"}],"predecessor-version":[{"id":2067,"href":"https:\/\/arcanix.at\/de\/wp-json\/wp\/v2\/pages\/137\/revisions\/2067"}],"wp:attachment":[{"href":"https:\/\/arcanix.at\/de\/wp-json\/wp\/v2\/media?parent=137"}],"curies":[{"name":"wp","href":"https:\/\/api.w.org\/{rel}","templated":true}]}}