{"id":139,"date":"2024-05-18T09:38:08","date_gmt":"2024-05-18T07:38:08","guid":{"rendered":"https:\/\/arcanix.at\/about-us\/"},"modified":"2024-08-10T15:03:59","modified_gmt":"2024-08-10T13:03:59","slug":"about-us","status":"publish","type":"page","link":"https:\/\/arcanix.at\/de\/about-us\/","title":{"rendered":"\u00dcber uns"},"content":{"rendered":"<div class=\"wp-block-uagb-container uagb-block-27ef9fe0 alignfull uagb-is-root-container\"><div class=\"uagb-container-inner-blocks-wrap\">\n<div class=\"wp-block-uagb-info-box uagb-block-d444f0cc uagb-infobox__content-wrap  uagb-infobox-icon-above-title uagb-infobox-image-valign-top\"><div class=\"uagb-ifb-content\"><div class=\"uagb-ifb-separator\"><\/div><div class=\"uagb-ifb-title-wrap\"><h1 class=\"uagb-ifb-title\">\u00dcber uns<\/h1><\/div><\/div><\/div>\n<\/div><\/div>\n\n\n\n<div class=\"wp-block-uagb-container uagb-block-ec3bcc9e alignfull uagb-is-root-container\"><div class=\"uagb-container-inner-blocks-wrap\">\n<div class=\"wp-block-uagb-container uagb-block-a599432a\">\n<div class=\"wp-block-uagb-container uagb-block-7eb70e7a\">\n<figure class=\"wp-block-image size-large\"><img fetchpriority=\"high\" decoding=\"async\" width=\"1024\" height=\"528\" src=\"https:\/\/arcanix.at\/wp-content\/uploads\/2024\/05\/result2-1024x528.jpg\" alt=\"Team von ARCANIX Configuration Management (links nach rechts): Schopf Fabian, Ungerb\u00f6ck Georg, Bauer Stephan\" class=\"wp-image-973\" srcset=\"https:\/\/arcanix.at\/wp-content\/uploads\/2024\/05\/result2-1024x528.jpg 1024w, https:\/\/arcanix.at\/wp-content\/uploads\/2024\/05\/result2-300x155.jpg 300w, https:\/\/arcanix.at\/wp-content\/uploads\/2024\/05\/result2-768x396.jpg 768w, https:\/\/arcanix.at\/wp-content\/uploads\/2024\/05\/result2-1536x793.jpg 1536w, https:\/\/arcanix.at\/wp-content\/uploads\/2024\/05\/result2.jpg 1814w\" sizes=\"(max-width: 1024px) 100vw, 1024px\" \/><\/figure>\n\n\n\n<h2 class=\"wp-block-heading\">Das Team<\/h2>\n\n\n\n<p>Das ARCANIX-Team arbeitet seit Jahren erfolgreich an verschiedenen Projekten zusammen. Mit der Gr\u00fcndung des Unternehmens wurde diese Zusammenarbeit intensiviert und auf ein neues Niveau gehoben.<\/p>\n\n\n\n<div class=\"wp-block-uagb-call-to-action uagb-block-58c12c37 wp-block-button\"><div class=\"uagb-cta__wrap\"><h3 class=\"uagb-cta__title\">Fabian Schopf<\/h3><\/div><div class=\"uagb-cta__buttons\"><a href=\"mailto:fabian.schopf@arcanix.at\" class=\"uagb-cta__button-link-wrapper wp-block-button__link\" target=\"_self\" rel=\"noopener noreferrer\">Kontaktieren Sie uns<svg xmlns=\"https:\/\/www.w3.org\/2000\/svg\" viewbox=\"0 0 512 512\"><path d=\"M504.3 273.6l-112.1 104c-6.992 6.484-17.18 8.218-25.94 4.406c-8.758-3.812-14.42-12.45-14.42-21.1L351.9 288H32C14.33 288 .0002 273.7 .0002 255.1S14.33 224 32 224h319.9l0-72c0-9.547 5.66-18.19 14.42-22c8.754-3.809 18.95-2.075 25.94 4.41l112.1 104C514.6 247.9 514.6 264.1 504.3 273.6z\"><\/path><\/svg><\/a><\/div><\/div>\n\n\n\n<div class=\"wp-block-uagb-call-to-action uagb-block-8809fae7 wp-block-button\"><div class=\"uagb-cta__wrap\"><h3 class=\"uagb-cta__title\">Georg Ungerb\u00f6ck, DI Mag.<\/h3><\/div><div class=\"uagb-cta__buttons\"><a href=\"mailto:georg.ungerboeck@arcanix.at\" class=\"uagb-cta__button-link-wrapper wp-block-button__link\" target=\"_self\" rel=\"noopener noreferrer\">Kontaktieren Sie uns<svg xmlns=\"https:\/\/www.w3.org\/2000\/svg\" viewbox=\"0 0 512 512\"><path d=\"M504.3 273.6l-112.1 104c-6.992 6.484-17.18 8.218-25.94 4.406c-8.758-3.812-14.42-12.45-14.42-21.1L351.9 288H32C14.33 288 .0002 273.7 .0002 255.1S14.33 224 32 224h319.9l0-72c0-9.547 5.66-18.19 14.42-22c8.754-3.809 18.95-2.075 25.94 4.41l112.1 104C514.6 247.9 514.6 264.1 504.3 273.6z\"><\/path><\/svg><\/a><\/div><\/div>\n\n\n\n<div class=\"wp-block-uagb-call-to-action uagb-block-fa57db31 wp-block-button\"><div class=\"uagb-cta__wrap\"><h3 class=\"uagb-cta__title\">Stephan Bauer<\/h3><\/div><div class=\"uagb-cta__buttons\"><a href=\"mailto:stephan.bauer@arcanix.at\" class=\"uagb-cta__button-link-wrapper wp-block-button__link\" target=\"_self\" rel=\"noopener noreferrer\">Kontaktieren Sie uns<svg xmlns=\"https:\/\/www.w3.org\/2000\/svg\" viewbox=\"0 0 512 512\"><path d=\"M504.3 273.6l-112.1 104c-6.992 6.484-17.18 8.218-25.94 4.406c-8.758-3.812-14.42-12.45-14.42-21.1L351.9 288H32C14.33 288 .0002 273.7 .0002 255.1S14.33 224 32 224h319.9l0-72c0-9.547 5.66-18.19 14.42-22c8.754-3.809 18.95-2.075 25.94 4.41l112.1 104C514.6 247.9 514.6 264.1 504.3 273.6z\"><\/path><\/svg><\/a><\/div><\/div>\n<\/div>\n<\/div>\n\n\n\n<div class=\"wp-block-uagb-container uagb-block-639dd65e\">\n<h2 class=\"wp-block-heading\">Unsere Grundwerte<\/h2>\n\n\n\n<p>Das \u201eManifest f\u00fcr Agile Softwareentwicklung\u201c von 2001 bildet die Grundlage f\u00fcr agile Softwareentwicklung. Diese Prinzipien sind jedoch auch au\u00dferhalb des Entwicklungsprozesses f\u00fcr uns wichtig:<\/p>\n\n\n\n<p>\"Individuen und Interaktionen\": ARCANIX setzt auf offene und freundliche Interaktionen sowohl intern als auch extern. Professioneller Umgang mit Kunden ist uns genauso wichtig wie eine gute Teamkultur.<\/p>\n\n\n\n<p>\"Funktionierende Software\": Das ARCANIX-Konfigurationsmanagement legt besonderen Wert auf die Funktionalit\u00e4t der Software. Funktionen werden nach Industriestandards mit modernster Technologie sorgf\u00e4ltig getestet.<\/p>\n\n\n\n<p>\"Zusammenarbeit mit dem Kunden\": ARCANIX Configuration Management wurde von Anfang an auf maximale Kompatibilit\u00e4t und Flexibilit\u00e4t ausgelegt. Kundenanforderungen und Kundenfeedback geh\u00f6ren zu den wichtigsten Faktoren, die unseren zuk\u00fcnftigen Weg beeinflussen.<\/p>\n\n\n\n<p>\"Auf Ver\u00e4nderungen reagieren\": Software\u00e4nderungen. Aus diesem Grund bem\u00fcht sich das ARCANIX-Team auch, st\u00e4ndig wechselnde Anforderungen zu erf\u00fcllen.<\/p>\n<\/div>\n<\/div><\/div>\n\n\n\n<div class=\"wp-block-uagb-container uag-blocks-common-selector uagb-block-ff10cdc8 alignfull uagb-is-root-container\"><div class=\"uagb-container-inner-blocks-wrap\"><\/div><\/div>\n\n\n\n<div class=\"wp-block-uagb-container uagb-block-3e9f6878 alignfull uagb-is-root-container\"><div class=\"uagb-container-inner-blocks-wrap\">\n<div class=\"wp-block-uagb-container uagb-block-1d303438\">\n<div class=\"wp-block-uagb-container uagb-block-780694b9\">\n<div class=\"wp-block-uagb-info-box uagb-block-606ceebc uagb-infobox__content-wrap  uagb-infobox-icon-above-title uagb-infobox-image-valign-top\"><div class=\"uagb-ifb-content\"><div class=\"uagb-ifb-title-wrap\"><h3 class=\"uagb-ifb-title\">Haben wir Ihr Interesse geweckt?<\/h3><\/div><p class=\"uagb-ifb-desc\">Bitte kontaktieren Sie uns per Telefon oder E-Mail, wenn Sie mehr \u00fcber ARCANIX Configuration Management erfahren m\u00f6chten.<\/p><\/div><\/div>\n\n\n\n<div class=\"wp-block-uagb-buttons uagb-buttons__outer-wrap uagb-btn__default-btn uagb-btn-tablet__default-btn uagb-btn-mobile__default-btn uagb-block-0ae8e13a\"><div class=\"uagb-buttons__wrap uagb-buttons-layout-wrap\">\n<div class=\"wp-block-uagb-buttons-child uagb-buttons__outer-wrap uagb-block-cb306a15 wp-block-button\"><div class=\"uagb-button__wrapper\"><a class=\"uagb-buttons-repeater wp-block-button__link\" aria-label=\"\" href=\"https:\/\/arcanix.at\/de\/contact\/\" rel=\"follow noopener\" target=\"_self\" role=\"button\"><div class=\"uagb-button__link\">Kontaktieren Sie uns<\/div><\/a><\/div><\/div>\n<\/div><\/div>\n<\/div>\n\n\n\n<div class=\"wp-block-uagb-container uagb-block-fa105855\">\n<div class=\"wp-block-uagb-image alignright uagb-block-cc81a440 wp-block-uagb-image--layout-default wp-block-uagb-image--effect-static wp-block-uagb-image--align-right\"><figure class=\"wp-block-uagb-image__figure\"><img loading=\"lazy\" decoding=\"async\" srcset=\"https:\/\/arcanix.at\/wp-content\/uploads\/2024\/07\/125032-1024x581.jpg ,https:\/\/arcanix.at\/wp-content\/uploads\/2024\/07\/125032.jpg 780w, https:\/\/arcanix.at\/wp-content\/uploads\/2024\/07\/125032.jpg 360w\" sizes=\"(max-width: 480px) 150px\" src=\"https:\/\/arcanix.at\/wp-content\/uploads\/2024\/07\/125032-1024x581.jpg\" alt=\"\" class=\"uag-image-1534\" width=\"1024\" height=\"581\" title=\"125032\" role=\"img\"\/><\/figure><\/div>\n<\/div>\n<\/div>\n<\/div><\/div>","protected":false},"excerpt":{"rendered":"<p>The team The ARCANIX team has been working together successfully on various projects for years. With the founding of the company, this collaboration has been intensified and taken to a new level. Our core values The &#8220;Manifesto for Agile Software Development&#8221; from 2001 forms the basis for agile software development. However, these principles are also [&hellip;]<\/p>","protected":false},"author":1,"featured_media":0,"parent":0,"menu_order":0,"comment_status":"closed","ping_status":"closed","template":"","meta":{"_uag_custom_page_level_css":"","site-sidebar-layout":"no-sidebar","site-content-layout":"page-builder","ast-site-content-layout":"full-width-container","site-content-style":"unboxed","site-sidebar-style":"unboxed","ast-global-header-display":"","ast-banner-title-visibility":"","ast-main-header-display":"","ast-hfb-above-header-display":"","ast-hfb-below-header-display":"","ast-hfb-mobile-header-display":"","site-post-title":"disabled","ast-breadcrumbs-content":"","ast-featured-img":"disabled","footer-sml-layout":"","theme-transparent-header-meta":"enabled","adv-header-id-meta":"","stick-header-meta":"","header-above-stick-meta":"","header-main-stick-meta":"","header-below-stick-meta":"","astra-migrate-meta-layouts":"set","ast-page-background-enabled":"default","ast-page-background-meta":{"desktop":{"background-color":"var(--ast-global-color-4)","background-image":"","background-repeat":"repeat","background-position":"center center","background-size":"auto","background-attachment":"scroll","background-type":"","background-media":"","overlay-type":"","overlay-color":"","overlay-opacity":"","overlay-gradient":""},"tablet":{"background-color":"","background-image":"","background-repeat":"repeat","background-position":"center center","background-size":"auto","background-attachment":"scroll","background-type":"","background-media":"","overlay-type":"","overlay-color":"","overlay-opacity":"","overlay-gradient":""},"mobile":{"background-color":"","background-image":"","background-repeat":"repeat","background-position":"center center","background-size":"auto","background-attachment":"scroll","background-type":"","background-media":"","overlay-type":"","overlay-color":"","overlay-opacity":"","overlay-gradient":""}},"ast-content-background-meta":{"desktop":{"background-color":"var(--ast-global-color-5)","background-image":"","background-repeat":"repeat","background-position":"center center","background-size":"auto","background-attachment":"scroll","background-type":"","background-media":"","overlay-type":"","overlay-color":"","overlay-opacity":"","overlay-gradient":""},"tablet":{"background-color":"var(--ast-global-color-5)","background-image":"","background-repeat":"repeat","background-position":"center center","background-size":"auto","background-attachment":"scroll","background-type":"","background-media":"","overlay-type":"","overlay-color":"","overlay-opacity":"","overlay-gradient":""},"mobile":{"background-color":"var(--ast-global-color-5)","background-image":"","background-repeat":"repeat","background-position":"center center","background-size":"auto","background-attachment":"scroll","background-type":"","background-media":"","overlay-type":"","overlay-color":"","overlay-opacity":"","overlay-gradient":""}},"footnotes":""},"yoast_head":"<!-- This site is optimized with the Yoast SEO plugin v23.9 - https:\/\/yoast.com\/wordpress\/plugins\/seo\/ -->\n<title>\u00dcber uns - ARCANIX<\/title>\n<meta name=\"description\" content=\"Bereits seit Jahren arbeitet das ARCANIX Team erfolgrech an verschiedenen Projekten zusammen. Mit der Firmengr\u00fcndung wurde diese Zusammenarbeit nochmals vertieft und auf ein neues Niveau gebracht. Unsere Kernwerte unfassen folgende Punkte: &quot;Manifesto for Agile Software Development&quot;, &quot;Individuals and interactions&quot;, &quot;Working software&quot;, &quot;Customer collaboration&quot; und &quot;Responding to change&quot;\" \/>\n<meta name=\"robots\" content=\"index, follow, max-snippet:-1, max-image-preview:large, max-video-preview:-1\" \/>\n<link rel=\"canonical\" href=\"https:\/\/arcanix.at\/de\/about-us\/\" \/>\n<meta property=\"og:locale\" content=\"de_DE\" \/>\n<meta property=\"og:type\" content=\"article\" \/>\n<meta property=\"og:title\" content=\"\u00dcber uns - ARCANIX\" \/>\n<meta property=\"og:description\" content=\"Bereits seit Jahren arbeitet das ARCANIX Team erfolgrech an verschiedenen Projekten zusammen. Mit der Firmengr\u00fcndung wurde diese Zusammenarbeit nochmals vertieft und auf ein neues Niveau gebracht. Unsere Kernwerte unfassen folgende Punkte: &quot;Manifesto for Agile Software Development&quot;, &quot;Individuals and interactions&quot;, &quot;Working software&quot;, &quot;Customer collaboration&quot; und &quot;Responding to change&quot;\" \/>\n<meta property=\"og:url\" content=\"https:\/\/arcanix.at\/de\/about-us\/\" \/>\n<meta property=\"og:site_name\" content=\"ARCANIX\" \/>\n<meta property=\"article:modified_time\" content=\"2024-08-10T13:03:59+00:00\" \/>\n<meta property=\"og:image\" content=\"https:\/\/arcanix.at\/wp-content\/uploads\/2024\/05\/result2-1024x528.jpg\" \/>\n<meta name=\"twitter:card\" content=\"summary_large_image\" \/>\n<meta name=\"twitter:label1\" content=\"Gesch\u00e4tzte Lesezeit\" \/>\n\t<meta name=\"twitter:data1\" content=\"2 Minuten\" \/>\n<script type=\"application\/ld+json\" class=\"yoast-schema-graph\">{\"@context\":\"https:\/\/schema.org\",\"@graph\":[{\"@type\":\"WebPage\",\"@id\":\"https:\/\/arcanix.at\/about-us\/\",\"url\":\"https:\/\/arcanix.at\/about-us\/\",\"name\":\"\u00dcber uns - ARCANIX\",\"isPartOf\":{\"@id\":\"https:\/\/arcanix.at\/#website\"},\"primaryImageOfPage\":{\"@id\":\"https:\/\/arcanix.at\/about-us\/#primaryimage\"},\"image\":{\"@id\":\"https:\/\/arcanix.at\/about-us\/#primaryimage\"},\"thumbnailUrl\":\"https:\/\/arcanix.at\/wp-content\/uploads\/2024\/05\/result2-1024x528.jpg\",\"datePublished\":\"2024-05-18T07:38:08+00:00\",\"dateModified\":\"2024-08-10T13:03:59+00:00\",\"description\":\"Bereits seit Jahren arbeitet das ARCANIX Team erfolgrech an verschiedenen Projekten zusammen. Mit der Firmengr\u00fcndung wurde diese Zusammenarbeit nochmals vertieft und auf ein neues Niveau gebracht. Unsere Kernwerte unfassen folgende Punkte: \\\"Manifesto for Agile Software Development\\\", \\\"Individuals and interactions\\\", \\\"Working software\\\", \\\"Customer collaboration\\\" und \\\"Responding to change\\\"\",\"breadcrumb\":{\"@id\":\"https:\/\/arcanix.at\/about-us\/#breadcrumb\"},\"inLanguage\":\"de-AT\",\"potentialAction\":[{\"@type\":\"ReadAction\",\"target\":[\"https:\/\/arcanix.at\/about-us\/\"]}]},{\"@type\":\"ImageObject\",\"inLanguage\":\"de-AT\",\"@id\":\"https:\/\/arcanix.at\/about-us\/#primaryimage\",\"url\":\"https:\/\/arcanix.at\/wp-content\/uploads\/2024\/05\/result2-1024x528.jpg\",\"contentUrl\":\"https:\/\/arcanix.at\/wp-content\/uploads\/2024\/05\/result2-1024x528.jpg\"},{\"@type\":\"BreadcrumbList\",\"@id\":\"https:\/\/arcanix.at\/about-us\/#breadcrumb\",\"itemListElement\":[{\"@type\":\"ListItem\",\"position\":1,\"name\":\"Startseite\",\"item\":\"https:\/\/arcanix.at\/\"},{\"@type\":\"ListItem\",\"position\":2,\"name\":\"\u00dcber uns\"}]},{\"@type\":\"WebSite\",\"@id\":\"https:\/\/arcanix.at\/#website\",\"url\":\"https:\/\/arcanix.at\/\",\"name\":\"ARCANIX\",\"description\":\"\",\"publisher\":{\"@id\":\"https:\/\/arcanix.at\/#organization\"},\"potentialAction\":[{\"@type\":\"SearchAction\",\"target\":{\"@type\":\"EntryPoint\",\"urlTemplate\":\"https:\/\/arcanix.at\/?s={search_term_string}\"},\"query-input\":{\"@type\":\"PropertyValueSpecification\",\"valueRequired\":true,\"valueName\":\"search_term_string\"}}],\"inLanguage\":\"de-AT\"},{\"@type\":\"Organization\",\"@id\":\"https:\/\/arcanix.at\/#organization\",\"name\":\"ARCANIX OG\",\"url\":\"https:\/\/arcanix.at\/\",\"logo\":{\"@type\":\"ImageObject\",\"inLanguage\":\"de-AT\",\"@id\":\"https:\/\/arcanix.at\/#\/schema\/logo\/image\/\",\"url\":\"https:\/\/arcanix.at\/wp-content\/uploads\/2024\/05\/Logo-2.png\",\"contentUrl\":\"https:\/\/arcanix.at\/wp-content\/uploads\/2024\/05\/Logo-2.png\",\"width\":297,\"height\":64,\"caption\":\"ARCANIX OG\"},\"image\":{\"@id\":\"https:\/\/arcanix.at\/#\/schema\/logo\/image\/\"}}]}<\/script>\n<!-- \/ Yoast SEO plugin. -->","yoast_head_json":{"title":"\u00dcber uns - ARCANIX","description":"Bereits seit Jahren arbeitet das ARCANIX Team erfolgrech an verschiedenen Projekten zusammen. Mit der Firmengr\u00fcndung wurde diese Zusammenarbeit nochmals vertieft und auf ein neues Niveau gebracht. Unsere Kernwerte unfassen folgende Punkte: \"Manifesto for Agile Software Development\", \"Individuals and interactions\", \"Working software\", \"Customer collaboration\" und \"Responding to change\"","robots":{"index":"index","follow":"follow","max-snippet":"max-snippet:-1","max-image-preview":"max-image-preview:large","max-video-preview":"max-video-preview:-1"},"canonical":"https:\/\/arcanix.at\/de\/about-us\/","og_locale":"de_DE","og_type":"article","og_title":"\u00dcber uns - ARCANIX","og_description":"Bereits seit Jahren arbeitet das ARCANIX Team erfolgrech an verschiedenen Projekten zusammen. Mit der Firmengr\u00fcndung wurde diese Zusammenarbeit nochmals vertieft und auf ein neues Niveau gebracht. Unsere Kernwerte unfassen folgende Punkte: \"Manifesto for Agile Software Development\", \"Individuals and interactions\", \"Working software\", \"Customer collaboration\" und \"Responding to change\"","og_url":"https:\/\/arcanix.at\/de\/about-us\/","og_site_name":"ARCANIX","article_modified_time":"2024-08-10T13:03:59+00:00","og_image":[{"url":"https:\/\/arcanix.at\/wp-content\/uploads\/2024\/05\/result2-1024x528.jpg"}],"twitter_card":"summary_large_image","twitter_misc":{"Gesch\u00e4tzte Lesezeit":"2 Minuten"},"schema":{"@context":"https:\/\/schema.org","@graph":[{"@type":"WebPage","@id":"https:\/\/arcanix.at\/about-us\/","url":"https:\/\/arcanix.at\/about-us\/","name":"\u00dcber uns - ARCANIX","isPartOf":{"@id":"https:\/\/arcanix.at\/#website"},"primaryImageOfPage":{"@id":"https:\/\/arcanix.at\/about-us\/#primaryimage"},"image":{"@id":"https:\/\/arcanix.at\/about-us\/#primaryimage"},"thumbnailUrl":"https:\/\/arcanix.at\/wp-content\/uploads\/2024\/05\/result2-1024x528.jpg","datePublished":"2024-05-18T07:38:08+00:00","dateModified":"2024-08-10T13:03:59+00:00","description":"Bereits seit Jahren arbeitet das ARCANIX Team erfolgrech an verschiedenen Projekten zusammen. Mit der Firmengr\u00fcndung wurde diese Zusammenarbeit nochmals vertieft und auf ein neues Niveau gebracht. Unsere Kernwerte unfassen folgende Punkte: \"Manifesto for Agile Software Development\", \"Individuals and interactions\", \"Working software\", \"Customer collaboration\" und \"Responding to change\"","breadcrumb":{"@id":"https:\/\/arcanix.at\/about-us\/#breadcrumb"},"inLanguage":"de-AT","potentialAction":[{"@type":"ReadAction","target":["https:\/\/arcanix.at\/about-us\/"]}]},{"@type":"ImageObject","inLanguage":"de-AT","@id":"https:\/\/arcanix.at\/about-us\/#primaryimage","url":"https:\/\/arcanix.at\/wp-content\/uploads\/2024\/05\/result2-1024x528.jpg","contentUrl":"https:\/\/arcanix.at\/wp-content\/uploads\/2024\/05\/result2-1024x528.jpg"},{"@type":"BreadcrumbList","@id":"https:\/\/arcanix.at\/about-us\/#breadcrumb","itemListElement":[{"@type":"ListItem","position":1,"name":"Startseite","item":"https:\/\/arcanix.at\/"},{"@type":"ListItem","position":2,"name":"\u00dcber uns"}]},{"@type":"WebSite","@id":"https:\/\/arcanix.at\/#website","url":"https:\/\/arcanix.at\/","name":"ARCANIX","description":"","publisher":{"@id":"https:\/\/arcanix.at\/#organization"},"potentialAction":[{"@type":"SearchAction","target":{"@type":"EntryPoint","urlTemplate":"https:\/\/arcanix.at\/?s={search_term_string}"},"query-input":{"@type":"PropertyValueSpecification","valueRequired":true,"valueName":"search_term_string"}}],"inLanguage":"de-AT"},{"@type":"Organization","@id":"https:\/\/arcanix.at\/#organization","name":"ARCANIX OG","url":"https:\/\/arcanix.at\/","logo":{"@type":"ImageObject","inLanguage":"de-AT","@id":"https:\/\/arcanix.at\/#\/schema\/logo\/image\/","url":"https:\/\/arcanix.at\/wp-content\/uploads\/2024\/05\/Logo-2.png","contentUrl":"https:\/\/arcanix.at\/wp-content\/uploads\/2024\/05\/Logo-2.png","width":297,"height":64,"caption":"ARCANIX OG"},"image":{"@id":"https:\/\/arcanix.at\/#\/schema\/logo\/image\/"}}]}},"uagb_featured_image_src":{"full":false,"thumbnail":false,"medium":false,"medium_large":false,"large":false,"1536x1536":false,"2048x2048":false,"trp-custom-language-flag":false},"uagb_author_info":{"display_name":"admin","author_link":"https:\/\/arcanix.at\/de\/author\/admin\/"},"uagb_comment_info":0,"uagb_excerpt":"The team The ARCANIX team has been working together successfully on various projects for years. With the founding of the company, this collaboration has been intensified and taken to a new level. Our core values The &#8220;Manifesto for Agile Software Development&#8221; from 2001 forms the basis for agile software development. However, these principles are also&hellip;","_links":{"self":[{"href":"https:\/\/arcanix.at\/de\/wp-json\/wp\/v2\/pages\/139"}],"collection":[{"href":"https:\/\/arcanix.at\/de\/wp-json\/wp\/v2\/pages"}],"about":[{"href":"https:\/\/arcanix.at\/de\/wp-json\/wp\/v2\/types\/page"}],"author":[{"embeddable":true,"href":"https:\/\/arcanix.at\/de\/wp-json\/wp\/v2\/users\/1"}],"replies":[{"embeddable":true,"href":"https:\/\/arcanix.at\/de\/wp-json\/wp\/v2\/comments?post=139"}],"version-history":[{"count":43,"href":"https:\/\/arcanix.at\/de\/wp-json\/wp\/v2\/pages\/139\/revisions"}],"predecessor-version":[{"id":1862,"href":"https:\/\/arcanix.at\/de\/wp-json\/wp\/v2\/pages\/139\/revisions\/1862"}],"wp:attachment":[{"href":"https:\/\/arcanix.at\/de\/wp-json\/wp\/v2\/media?parent=139"}],"curies":[{"name":"wp","href":"https:\/\/api.w.org\/{rel}","templated":true}]}}