{"id":1424,"date":"2024-06-21T14:06:37","date_gmt":"2024-06-21T12:06:37","guid":{"rendered":"https:\/\/webdev.arcanix.at\/?page_id=1424"},"modified":"2025-08-01T16:00:00","modified_gmt":"2025-08-01T14:00:00","slug":"pricing","status":"publish","type":"page","link":"https:\/\/arcanix.at\/de\/pricing\/","title":{"rendered":"Preise"},"content":{"rendered":"<div class=\"wp-block-uagb-container uagb-block-4ff5639b alignfull uagb-is-root-container\"><div class=\"uagb-container-inner-blocks-wrap\">\n<div class=\"wp-block-uagb-info-box uagb-block-4f751df8 uagb-infobox__content-wrap  uagb-infobox-icon-above-title uagb-infobox-image-valign-top\"><div class=\"uagb-ifb-content\"><div class=\"uagb-ifb-separator\"><\/div><div class=\"uagb-ifb-title-wrap\"><h1 class=\"uagb-ifb-title\">Preise<\/h1><\/div><\/div><\/div>\n<\/div><\/div>\n\n\n\n<div class=\"wp-block-uagb-container uagb-block-efef412d alignfull uagb-is-root-container\"><div class=\"uagb-container-inner-blocks-wrap\">\n<div class=\"wp-block-uagb-advanced-heading uagb-block-f961b615\"><h2 class=\"uagb-heading-text\">W\u00e4hlen Sie den idealen Plan f\u00fcr Ihr Team<\/h2><\/div>\n\n\n\n<p>Ganz gleich, ob Sie grundlegende Funktionen oder eine erweiterte Software-Fernverwaltung ben\u00f6tigen, wir haben einen Plan, der Ihren Anforderungen entspricht.<\/p>\n<\/div><\/div>\n\n\n\n<div class=\"wp-block-uagb-container uagb-block-0504b582 alignfull uagb-is-root-container\"><div class=\"uagb-container-inner-blocks-wrap\">\n<div class=\"wp-block-columns is-layout-flex wp-container-core-columns-is-layout-1 wp-block-columns-is-layout-flex\">\n<div class=\"wp-block-column is-layout-flow wp-block-column-is-layout-flow\">\n<div class=\"wp-block-uagb-container uagb-block-99c8df13\">\n<div class=\"wp-block-uagb-advanced-heading uagb-block-7d2aa235\"><h3 class=\"uagb-heading-text\">Entwicklungsplan<\/h3><\/div>\n\n\n\n<p>Bis zu 5 Ger\u00e4te f\u00fcr nur 10\u20ac\/Monat<\/p>\n\n\n\n<div class=\"wp-block-buttons is-layout-flex wp-block-buttons-is-layout-flex\">\n<div class=\"wp-block-button\"><a class=\"wp-block-button__link wp-element-button\" href=\"https:\/\/arcanix.at\/de\/contact\/\">Kontaktieren Sie uns jetzt<\/a><\/div>\n<\/div>\n<\/div>\n<\/div>\n\n\n\n<div class=\"wp-block-column is-layout-flow wp-block-column-is-layout-flow\">\n<div class=\"wp-block-uagb-container uagb-block-9f442981\">\n<div class=\"wp-block-uagb-advanced-heading uagb-block-004285d3\"><h3 class=\"uagb-heading-text\">Basisplan<\/h3><\/div>\n\n\n\n<p>Bis zu 50 Ger\u00e4te f\u00fcr 30\u20ac\/Monat<\/p>\n\n\n\n<div class=\"wp-block-buttons is-layout-flex wp-block-buttons-is-layout-flex\">\n<div class=\"wp-block-button\"><a class=\"wp-block-button__link wp-element-button\" href=\"https:\/\/arcanix.at\/de\/contact\/\">Kontaktieren Sie uns jetzt<\/a><\/div>\n<\/div>\n<\/div>\n<\/div>\n\n\n\n<div class=\"wp-block-column is-layout-flow wp-block-column-is-layout-flow\">\n<div class=\"wp-block-uagb-container uagb-block-8d5ae1e0\">\n<div class=\"wp-block-uagb-advanced-heading uagb-block-1ab2142d\"><h3 class=\"uagb-heading-text\">Fortgeschrittener Plan<\/h3><\/div>\n\n\n\n<p>Bis zu 100 Ger\u00e4te f\u00fcr 50\u20ac\/Monat<\/p>\n\n\n\n<div class=\"wp-block-buttons is-layout-flex wp-block-buttons-is-layout-flex\">\n<div class=\"wp-block-button\"><a class=\"wp-block-button__link wp-element-button\" href=\"https:\/\/arcanix.at\/de\/contact\/\">Kontaktieren Sie uns jetzt<\/a><\/div>\n<\/div>\n<\/div>\n<\/div>\n<\/div>\n<\/div><\/div>\n\n\n\n<div class=\"wp-block-uagb-container uagb-block-002c831a alignfull uagb-is-root-container\"><div class=\"uagb-container-inner-blocks-wrap\">\n<p>Alle Pakete beinhalten eine Web-Benutzerschnittstelle, REST-Api und einen kostenlosen REST-Client<\/p>\n\n\n\n<div class=\"wp-block-uagb-call-to-action uagb-block-085964b4 wp-block-button\"><div class=\"uagb-cta__wrap\"><h3 class=\"uagb-cta__title\">Weiter lesen?<\/h3><p class=\"uagb-cta__desc\">M\u00f6chten Sie mehr \u00fcber die Vorteile von ARCANIX Configuration Management erfahren? <\/p><\/div><div class=\"uagb-cta__buttons\"><a href=\"https:\/\/arcanix.at\/de\/benefits\/\" class=\"uagb-cta__button-link-wrapper wp-block-button__link\" target=\"_self\" rel=\"noopener noreferrer\">Lesen Sie mehr<svg xmlns=\"https:\/\/www.w3.org\/2000\/svg\" viewbox=\"0 0 512 512\"><path d=\"M504.3 273.6l-112.1 104c-6.992 6.484-17.18 8.218-25.94 4.406c-8.758-3.812-14.42-12.45-14.42-21.1L351.9 288H32C14.33 288 .0002 273.7 .0002 255.1S14.33 224 32 224h319.9l0-72c0-9.547 5.66-18.19 14.42-22c8.754-3.809 18.95-2.075 25.94 4.41l112.1 104C514.6 247.9 514.6 264.1 504.3 273.6z\"><\/path><\/svg><\/a><\/div><\/div>\n<\/div><\/div>\n\n\n\n<div class=\"wp-block-uagb-container uagb-block-3cdf25e5 alignfull uagb-is-root-container\"><div class=\"uagb-container-inner-blocks-wrap\">\n<div class=\"wp-block-uagb-advanced-heading uagb-block-62013f4c\"><h2 class=\"uagb-heading-text\">FAQ<\/h2><\/div>\n\n\n<div class=\"wp-block-uagb-faq uagb-faq__outer-wrap uagb-block-2a754b4d uagb-faq-icon-row uagb-faq-layout-accordion uagb-faq-expand-first-false uagb-faq-inactive-other-true uagb-faq__wrap uagb-buttons-layout-wrap uagb-faq-equal-height\" data-faqtoggle=\"true\" role=\"tablist\"><div class=\"wp-block-uagb-faq-child uagb-faq-child__outer-wrap uagb-faq-item uagb-block-7f623cd8\" role=\"tab\" tabindex=\"0\"><div class=\"uagb-faq-questions-button uagb-faq-questions\">\t\t\t<span class=\"uagb-icon uagb-faq-icon-wrap\">\n\t\t\t\t\t\t\t\t<svg xmlns=\"https:\/\/www.w3.org\/2000\/svg\" viewbox= \"0 0 448 512\"><path d=\"M432 256c0 17.69-14.33 32.01-32 32.01H256v144c0 17.69-14.33 31.99-32 31.99s-32-14.3-32-31.99v-144H48c-17.67 0-32-14.32-32-32.01s14.33-31.99 32-31.99H192v-144c0-17.69 14.33-32.01 32-32.01s32 14.32 32 32.01v144h144C417.7 224 432 238.3 432 256z\"><\/path><\/svg>\n\t\t\t\t\t\t\t<\/span>\n\t\t\t\t\t\t<span class=\"uagb-icon-active uagb-faq-icon-wrap\">\n\t\t\t\t\t\t\t\t<svg xmlns=\"https:\/\/www.w3.org\/2000\/svg\" viewbox= \"0 0 448 512\"><path d=\"M400 288h-352c-17.69 0-32-14.32-32-32.01s14.31-31.99 32-31.99h352c17.69 0 32 14.3 32 31.99S417.7 288 400 288z\"><\/path><\/svg>\n\t\t\t\t\t\t\t<\/span>\n\t\t\t<h4 class=\"uagb-question\">Was ist, wenn ich etwas anderes brauche?<\/h4><\/div><div class=\"uagb-faq-content\"><p>Wenn unsere Preispl\u00e4ne nicht Ihren Anforderungen entsprechen, k\u00f6nnen Sie sich gerne mit uns in Verbindung setzen und wir werden einen individuellen Plan f\u00fcr Sie ausarbeiten.<\/p><\/div><\/div><div class=\"wp-block-uagb-faq-child uagb-faq-child__outer-wrap uagb-faq-item uagb-block-16a3f746\" role=\"tab\" tabindex=\"0\"><div class=\"uagb-faq-questions-button uagb-faq-questions\">\t\t\t<span class=\"uagb-icon uagb-faq-icon-wrap\">\n\t\t\t\t\t\t\t\t<svg xmlns=\"https:\/\/www.w3.org\/2000\/svg\" viewbox= \"0 0 448 512\"><path d=\"M432 256c0 17.69-14.33 32.01-32 32.01H256v144c0 17.69-14.33 31.99-32 31.99s-32-14.3-32-31.99v-144H48c-17.67 0-32-14.32-32-32.01s14.33-31.99 32-31.99H192v-144c0-17.69 14.33-32.01 32-32.01s32 14.32 32 32.01v144h144C417.7 224 432 238.3 432 256z\"><\/path><\/svg>\n\t\t\t\t\t\t\t<\/span>\n\t\t\t\t\t\t<span class=\"uagb-icon-active uagb-faq-icon-wrap\">\n\t\t\t\t\t\t\t\t<svg xmlns=\"https:\/\/www.w3.org\/2000\/svg\" viewbox= \"0 0 448 512\"><path d=\"M400 288h-352c-17.69 0-32-14.32-32-32.01s14.31-31.99 32-31.99h352c17.69 0 32 14.3 32 31.99S417.7 288 400 288z\"><\/path><\/svg>\n\t\t\t\t\t\t\t<\/span>\n\t\t\t<h4 class=\"uagb-question\">Bieten Sie Preispl\u00e4ne f\u00fcr mehr Ger\u00e4te an?<\/h4><\/div><div class=\"uagb-faq-content\"><p class=\"translation-block\">Nat\u00fcrlich bieten wir auch Tarife an, mit denen Sie mit mehr als 100 Ger\u00e4ten starten k\u00f6nnen. Wenn Sie so einen ben\u00f6tigen, k\u00f6nnen Sie uns gerne <a href=\"https:\/\/arcanix.at\/de\/contact\/\" target=\"_self\">hier<\/a> kontaktieren.<\/p><\/div><\/div><div class=\"wp-block-uagb-faq-child uagb-faq-child__outer-wrap uagb-faq-item uagb-block-c4d7c1d1\" role=\"tab\" tabindex=\"0\"><div class=\"uagb-faq-questions-button uagb-faq-questions\">\t\t\t<span class=\"uagb-icon uagb-faq-icon-wrap\">\n\t\t\t\t\t\t\t\t<svg xmlns=\"https:\/\/www.w3.org\/2000\/svg\" viewbox= \"0 0 448 512\"><path d=\"M432 256c0 17.69-14.33 32.01-32 32.01H256v144c0 17.69-14.33 31.99-32 31.99s-32-14.3-32-31.99v-144H48c-17.67 0-32-14.32-32-32.01s14.33-31.99 32-31.99H192v-144c0-17.69 14.33-32.01 32-32.01s32 14.32 32 32.01v144h144C417.7 224 432 238.3 432 256z\"><\/path><\/svg>\n\t\t\t\t\t\t\t<\/span>\n\t\t\t\t\t\t<span class=\"uagb-icon-active uagb-faq-icon-wrap\">\n\t\t\t\t\t\t\t\t<svg xmlns=\"https:\/\/www.w3.org\/2000\/svg\" viewbox= \"0 0 448 512\"><path d=\"M400 288h-352c-17.69 0-32-14.32-32-32.01s14.31-31.99 32-31.99h352c17.69 0 32 14.3 32 31.99S417.7 288 400 288z\"><\/path><\/svg>\n\t\t\t\t\t\t\t<\/span>\n\t\t\t<h4 class=\"uagb-question\"><strong>Kann das Ger\u00e4telimit eines bestimmten Tarifs erh\u00f6ht werden?<\/strong><\/h4><\/div><div class=\"uagb-faq-content\"><p>Wenn Sie ein h\u00f6heres Ger\u00e4telimit ben\u00f6tigen, z. B. 1000 Ger\u00e4te beim Basic-Tarif, setzen Sie sich bitte mit uns in Verbindung. Wir werden ein ma\u00dfgeschneidertes Preisangebot f\u00fcr Sie erstellen<\/p><\/div><\/div><div class=\"wp-block-uagb-faq-child uagb-faq-child__outer-wrap uagb-faq-item uagb-block-ecb2a3c9\" role=\"tab\" tabindex=\"0\"><div class=\"uagb-faq-questions-button uagb-faq-questions\">\t\t\t<span class=\"uagb-icon uagb-faq-icon-wrap\">\n\t\t\t\t\t\t\t\t<svg xmlns=\"https:\/\/www.w3.org\/2000\/svg\" viewbox= \"0 0 448 512\"><path d=\"M432 256c0 17.69-14.33 32.01-32 32.01H256v144c0 17.69-14.33 31.99-32 31.99s-32-14.3-32-31.99v-144H48c-17.67 0-32-14.32-32-32.01s14.33-31.99 32-31.99H192v-144c0-17.69 14.33-32.01 32-32.01s32 14.32 32 32.01v144h144C417.7 224 432 238.3 432 256z\"><\/path><\/svg>\n\t\t\t\t\t\t\t<\/span>\n\t\t\t\t\t\t<span class=\"uagb-icon-active uagb-faq-icon-wrap\">\n\t\t\t\t\t\t\t\t<svg xmlns=\"https:\/\/www.w3.org\/2000\/svg\" viewbox= \"0 0 448 512\"><path d=\"M400 288h-352c-17.69 0-32-14.32-32-32.01s14.31-31.99 32-31.99h352c17.69 0 32 14.3 32 31.99S417.7 288 400 288z\"><\/path><\/svg>\n\t\t\t\t\t\t\t<\/span>\n\t\t\t<h4 class=\"uagb-question\">Was ist, wenn ich \u00fcber einen l\u00e4ngeren Zeitraum keine Updates bekomme?<\/h4><\/div><div class=\"uagb-faq-content\"><p>Wenn sich die Entwicklung Ihres Systems verlangsamt, pausiert oder unterbrochen wird, Sie aber dennoch die M\u00f6glichkeit f\u00fcr zuk\u00fcnftige Updates haben m\u00f6chten, k\u00f6nnen wir Ihnen unseren Hibernation-Deal anbieten: Wir halten Ihr System f\u00fcr nur 10\u20ac pro Monat gespeichert, unabh\u00e4ngig davon, wie viele Ger\u00e4te registriert sind. W\u00e4hrend der Ruhezustand aktiviert ist, wird alles heruntergefahren - keine Updates, keine Benutzeroberfl\u00e4che. Wenn Sie sich entscheiden, eine neue Version einzuf\u00fchren, k\u00f6nnen Sie Ihr System kostenlos wieder aktivieren - unter Beibehaltung Ihres alten Preisplans.<\/p><\/div><\/div><\/div><\/div><\/div>\n\n\n\n<div class=\"wp-block-uagb-container uag-blocks-common-selector uagb-block-601e165f alignfull uagb-is-root-container\"><div class=\"uagb-container-inner-blocks-wrap\"><\/div><\/div>\n\n\n\n<div class=\"wp-block-uagb-container uagb-block-3e9f6878 alignfull uagb-is-root-container\"><div class=\"uagb-container-inner-blocks-wrap\">\n<div class=\"wp-block-uagb-container uagb-block-1d303438\">\n<div class=\"wp-block-uagb-container uagb-block-780694b9\">\n<div class=\"wp-block-uagb-info-box uagb-block-606ceebc uagb-infobox__content-wrap  uagb-infobox-icon-above-title uagb-infobox-image-valign-top\"><div class=\"uagb-ifb-content\"><div class=\"uagb-ifb-title-wrap\"><h3 class=\"uagb-ifb-title\">Haben wir Ihr Interesse geweckt?<\/h3><\/div><p class=\"uagb-ifb-desc\">Bitte kontaktieren Sie uns per Telefon oder E-Mail, wenn Sie mehr \u00fcber ARCANIX Configuration Management erfahren m\u00f6chten.<\/p><\/div><\/div>\n\n\n\n<div class=\"wp-block-uagb-buttons uagb-buttons__outer-wrap uagb-btn__default-btn uagb-btn-tablet__default-btn uagb-btn-mobile__default-btn uagb-block-0ae8e13a\"><div class=\"uagb-buttons__wrap uagb-buttons-layout-wrap\">\n<div class=\"wp-block-uagb-buttons-child uagb-buttons__outer-wrap uagb-block-cb306a15 wp-block-button\"><div class=\"uagb-button__wrapper\"><a class=\"uagb-buttons-repeater wp-block-button__link\" aria-label=\"\" href=\"https:\/\/arcanix.at\/de\/contact\/\" rel=\"follow noopener\" target=\"_self\" role=\"button\"><div class=\"uagb-button__link\">Kontaktieren Sie uns<\/div><\/a><\/div><\/div>\n<\/div><\/div>\n<\/div>\n\n\n\n<div class=\"wp-block-uagb-container uagb-block-fa105855\">\n<div class=\"wp-block-uagb-image alignright uagb-block-cc81a440 wp-block-uagb-image--layout-default wp-block-uagb-image--effect-static wp-block-uagb-image--align-right\"><figure class=\"wp-block-uagb-image__figure\"><img loading=\"lazy\" decoding=\"async\" srcset=\"https:\/\/arcanix.at\/wp-content\/uploads\/2024\/07\/125032-1024x581.jpg ,https:\/\/arcanix.at\/wp-content\/uploads\/2024\/07\/125032.jpg 780w, https:\/\/arcanix.at\/wp-content\/uploads\/2024\/07\/125032.jpg 360w\" sizes=\"(max-width: 480px) 150px\" src=\"https:\/\/arcanix.at\/wp-content\/uploads\/2024\/07\/125032-1024x581.jpg\" alt=\"\" class=\"uag-image-1534\" width=\"1024\" height=\"581\" title=\"125032\" role=\"img\"\/><\/figure><\/div>\n<\/div>\n<\/div>\n<\/div><\/div>","protected":false},"excerpt":{"rendered":"<p>Select the ideal plan for your team Whether you need basic features or advanced remote software management, we have a plan that fits your needs. Dev Plan Up to 5 Devices for only 10\u20ac\/Month Basic Plan Up to 50 Devices for 30\u20ac\/Month Advanced Plan Up to 100 Devices for 50\u20ac\/Month All plans include a Web-Userinterface, [&hellip;]<\/p>","protected":false},"author":1,"featured_media":0,"parent":0,"menu_order":0,"comment_status":"closed","ping_status":"closed","template":"","meta":{"_uag_custom_page_level_css":"","site-sidebar-layout":"no-sidebar","site-content-layout":"","ast-site-content-layout":"full-width-container","site-content-style":"default","site-sidebar-style":"default","ast-global-header-display":"","ast-banner-title-visibility":"","ast-main-header-display":"","ast-hfb-above-header-display":"","ast-hfb-below-header-display":"","ast-hfb-mobile-header-display":"","site-post-title":"disabled","ast-breadcrumbs-content":"","ast-featured-img":"","footer-sml-layout":"","theme-transparent-header-meta":"","adv-header-id-meta":"","stick-header-meta":"","header-above-stick-meta":"","header-main-stick-meta":"","header-below-stick-meta":"","astra-migrate-meta-layouts":"set","ast-page-background-enabled":"default","ast-page-background-meta":{"desktop":{"background-color":"var(--ast-global-color-4)","background-image":"","background-repeat":"repeat","background-position":"center center","background-size":"auto","background-attachment":"scroll","background-type":"","background-media":"","overlay-type":"","overlay-color":"","overlay-opacity":"","overlay-gradient":""},"tablet":{"background-color":"","background-image":"","background-repeat":"repeat","background-position":"center center","background-size":"auto","background-attachment":"scroll","background-type":"","background-media":"","overlay-type":"","overlay-color":"","overlay-opacity":"","overlay-gradient":""},"mobile":{"background-color":"","background-image":"","background-repeat":"repeat","background-position":"center center","background-size":"auto","background-attachment":"scroll","background-type":"","background-media":"","overlay-type":"","overlay-color":"","overlay-opacity":"","overlay-gradient":""}},"ast-content-background-meta":{"desktop":{"background-color":"var(--ast-global-color-5)","background-image":"","background-repeat":"repeat","background-position":"center center","background-size":"auto","background-attachment":"scroll","background-type":"","background-media":"","overlay-type":"","overlay-color":"","overlay-opacity":"","overlay-gradient":""},"tablet":{"background-color":"var(--ast-global-color-5)","background-image":"","background-repeat":"repeat","background-position":"center center","background-size":"auto","background-attachment":"scroll","background-type":"","background-media":"","overlay-type":"","overlay-color":"","overlay-opacity":"","overlay-gradient":""},"mobile":{"background-color":"var(--ast-global-color-5)","background-image":"","background-repeat":"repeat","background-position":"center center","background-size":"auto","background-attachment":"scroll","background-type":"","background-media":"","overlay-type":"","overlay-color":"","overlay-opacity":"","overlay-gradient":""}},"footnotes":""},"yoast_head":"<!-- This site is optimized with the Yoast SEO plugin v23.9 - https:\/\/yoast.com\/wordpress\/plugins\/seo\/ -->\n<title>Pricing - ARCANIX<\/title>\n<meta name=\"description\" content=\"Discover the transparent pricing of ARCANIX Configuration Management and optimize your software management.\" \/>\n<meta name=\"robots\" content=\"index, follow, max-snippet:-1, max-image-preview:large, max-video-preview:-1\" \/>\n<link rel=\"canonical\" href=\"https:\/\/arcanix.at\/de\/pricing\/\" \/>\n<meta property=\"og:locale\" content=\"de_DE\" \/>\n<meta property=\"og:type\" content=\"article\" \/>\n<meta property=\"og:title\" content=\"Pricing - ARCANIX\" \/>\n<meta property=\"og:description\" content=\"Discover the transparent pricing of ARCANIX Configuration Management and optimize your software management.\" \/>\n<meta property=\"og:url\" content=\"https:\/\/arcanix.at\/de\/pricing\/\" \/>\n<meta property=\"og:site_name\" content=\"ARCANIX\" \/>\n<meta property=\"article:modified_time\" content=\"2025-08-01T14:00:00+00:00\" \/>\n<meta property=\"og:image\" content=\"https:\/\/arcanix.at\/wp-content\/uploads\/2024\/07\/125032-1024x581.jpg\" \/>\n<meta name=\"twitter:card\" content=\"summary_large_image\" \/>\n<meta name=\"twitter:label1\" content=\"Gesch\u00e4tzte Lesezeit\" \/>\n\t<meta name=\"twitter:data1\" content=\"1 Minute\" \/>\n<script type=\"application\/ld+json\" class=\"yoast-schema-graph\">{\"@context\":\"https:\/\/schema.org\",\"@graph\":[{\"@type\":\"WebPage\",\"@id\":\"https:\/\/arcanix.at\/pricing\/\",\"url\":\"https:\/\/arcanix.at\/pricing\/\",\"name\":\"Pricing - ARCANIX\",\"isPartOf\":{\"@id\":\"https:\/\/arcanix.at\/#website\"},\"primaryImageOfPage\":{\"@id\":\"https:\/\/arcanix.at\/pricing\/#primaryimage\"},\"image\":{\"@id\":\"https:\/\/arcanix.at\/pricing\/#primaryimage\"},\"thumbnailUrl\":\"https:\/\/arcanix.at\/wp-content\/uploads\/2024\/07\/125032-1024x581.jpg\",\"datePublished\":\"2024-06-21T12:06:37+00:00\",\"dateModified\":\"2025-08-01T14:00:00+00:00\",\"description\":\"Discover the transparent pricing of ARCANIX Configuration Management and optimize your software management.\",\"breadcrumb\":{\"@id\":\"https:\/\/arcanix.at\/pricing\/#breadcrumb\"},\"inLanguage\":\"de-AT\",\"potentialAction\":[{\"@type\":\"ReadAction\",\"target\":[\"https:\/\/arcanix.at\/pricing\/\"]}]},{\"@type\":\"ImageObject\",\"inLanguage\":\"de-AT\",\"@id\":\"https:\/\/arcanix.at\/pricing\/#primaryimage\",\"url\":\"https:\/\/arcanix.at\/wp-content\/uploads\/2024\/07\/125032-1024x581.jpg\",\"contentUrl\":\"https:\/\/arcanix.at\/wp-content\/uploads\/2024\/07\/125032-1024x581.jpg\"},{\"@type\":\"BreadcrumbList\",\"@id\":\"https:\/\/arcanix.at\/pricing\/#breadcrumb\",\"itemListElement\":[{\"@type\":\"ListItem\",\"position\":1,\"name\":\"Startseite\",\"item\":\"https:\/\/arcanix.at\/\"},{\"@type\":\"ListItem\",\"position\":2,\"name\":\"Pricing\"}]},{\"@type\":\"WebSite\",\"@id\":\"https:\/\/arcanix.at\/#website\",\"url\":\"https:\/\/arcanix.at\/\",\"name\":\"ARCANIX\",\"description\":\"\",\"publisher\":{\"@id\":\"https:\/\/arcanix.at\/#organization\"},\"potentialAction\":[{\"@type\":\"SearchAction\",\"target\":{\"@type\":\"EntryPoint\",\"urlTemplate\":\"https:\/\/arcanix.at\/?s={search_term_string}\"},\"query-input\":{\"@type\":\"PropertyValueSpecification\",\"valueRequired\":true,\"valueName\":\"search_term_string\"}}],\"inLanguage\":\"de-AT\"},{\"@type\":\"Organization\",\"@id\":\"https:\/\/arcanix.at\/#organization\",\"name\":\"ARCANIX OG\",\"url\":\"https:\/\/arcanix.at\/\",\"logo\":{\"@type\":\"ImageObject\",\"inLanguage\":\"de-AT\",\"@id\":\"https:\/\/arcanix.at\/#\/schema\/logo\/image\/\",\"url\":\"https:\/\/arcanix.at\/wp-content\/uploads\/2024\/05\/Logo-2.png\",\"contentUrl\":\"https:\/\/arcanix.at\/wp-content\/uploads\/2024\/05\/Logo-2.png\",\"width\":297,\"height\":64,\"caption\":\"ARCANIX OG\"},\"image\":{\"@id\":\"https:\/\/arcanix.at\/#\/schema\/logo\/image\/\"}}]}<\/script>\n<!-- \/ Yoast SEO plugin. -->","yoast_head_json":{"title":"Pricing - ARCANIX","description":"Discover the transparent pricing of ARCANIX Configuration Management and optimize your software management.","robots":{"index":"index","follow":"follow","max-snippet":"max-snippet:-1","max-image-preview":"max-image-preview:large","max-video-preview":"max-video-preview:-1"},"canonical":"https:\/\/arcanix.at\/de\/pricing\/","og_locale":"de_DE","og_type":"article","og_title":"Pricing - ARCANIX","og_description":"Discover the transparent pricing of ARCANIX Configuration Management and optimize your software management.","og_url":"https:\/\/arcanix.at\/de\/pricing\/","og_site_name":"ARCANIX","article_modified_time":"2025-08-01T14:00:00+00:00","og_image":[{"url":"https:\/\/arcanix.at\/wp-content\/uploads\/2024\/07\/125032-1024x581.jpg"}],"twitter_card":"summary_large_image","twitter_misc":{"Gesch\u00e4tzte Lesezeit":"1 Minute"},"schema":{"@context":"https:\/\/schema.org","@graph":[{"@type":"WebPage","@id":"https:\/\/arcanix.at\/pricing\/","url":"https:\/\/arcanix.at\/pricing\/","name":"Pricing - ARCANIX","isPartOf":{"@id":"https:\/\/arcanix.at\/#website"},"primaryImageOfPage":{"@id":"https:\/\/arcanix.at\/pricing\/#primaryimage"},"image":{"@id":"https:\/\/arcanix.at\/pricing\/#primaryimage"},"thumbnailUrl":"https:\/\/arcanix.at\/wp-content\/uploads\/2024\/07\/125032-1024x581.jpg","datePublished":"2024-06-21T12:06:37+00:00","dateModified":"2025-08-01T14:00:00+00:00","description":"Discover the transparent pricing of ARCANIX Configuration Management and optimize your software management.","breadcrumb":{"@id":"https:\/\/arcanix.at\/pricing\/#breadcrumb"},"inLanguage":"de-AT","potentialAction":[{"@type":"ReadAction","target":["https:\/\/arcanix.at\/pricing\/"]}]},{"@type":"ImageObject","inLanguage":"de-AT","@id":"https:\/\/arcanix.at\/pricing\/#primaryimage","url":"https:\/\/arcanix.at\/wp-content\/uploads\/2024\/07\/125032-1024x581.jpg","contentUrl":"https:\/\/arcanix.at\/wp-content\/uploads\/2024\/07\/125032-1024x581.jpg"},{"@type":"BreadcrumbList","@id":"https:\/\/arcanix.at\/pricing\/#breadcrumb","itemListElement":[{"@type":"ListItem","position":1,"name":"Startseite","item":"https:\/\/arcanix.at\/"},{"@type":"ListItem","position":2,"name":"Pricing"}]},{"@type":"WebSite","@id":"https:\/\/arcanix.at\/#website","url":"https:\/\/arcanix.at\/","name":"ARCANIX","description":"","publisher":{"@id":"https:\/\/arcanix.at\/#organization"},"potentialAction":[{"@type":"SearchAction","target":{"@type":"EntryPoint","urlTemplate":"https:\/\/arcanix.at\/?s={search_term_string}"},"query-input":{"@type":"PropertyValueSpecification","valueRequired":true,"valueName":"search_term_string"}}],"inLanguage":"de-AT"},{"@type":"Organization","@id":"https:\/\/arcanix.at\/#organization","name":"ARCANIX OG","url":"https:\/\/arcanix.at\/","logo":{"@type":"ImageObject","inLanguage":"de-AT","@id":"https:\/\/arcanix.at\/#\/schema\/logo\/image\/","url":"https:\/\/arcanix.at\/wp-content\/uploads\/2024\/05\/Logo-2.png","contentUrl":"https:\/\/arcanix.at\/wp-content\/uploads\/2024\/05\/Logo-2.png","width":297,"height":64,"caption":"ARCANIX OG"},"image":{"@id":"https:\/\/arcanix.at\/#\/schema\/logo\/image\/"}}]}},"uagb_featured_image_src":{"full":false,"thumbnail":false,"medium":false,"medium_large":false,"large":false,"1536x1536":false,"2048x2048":false,"trp-custom-language-flag":false},"uagb_author_info":{"display_name":"admin","author_link":"https:\/\/arcanix.at\/de\/author\/admin\/"},"uagb_comment_info":0,"uagb_excerpt":"Select the ideal plan for your team Whether you need basic features or advanced remote software management, we have a plan that fits your needs. Dev Plan Up to 5 Devices for only 10\u20ac\/Month Basic Plan Up to 50 Devices for 30\u20ac\/Month Advanced Plan Up to 100 Devices for 50\u20ac\/Month All plans include a Web-Userinterface,&hellip;","_links":{"self":[{"href":"https:\/\/arcanix.at\/de\/wp-json\/wp\/v2\/pages\/1424"}],"collection":[{"href":"https:\/\/arcanix.at\/de\/wp-json\/wp\/v2\/pages"}],"about":[{"href":"https:\/\/arcanix.at\/de\/wp-json\/wp\/v2\/types\/page"}],"author":[{"embeddable":true,"href":"https:\/\/arcanix.at\/de\/wp-json\/wp\/v2\/users\/1"}],"replies":[{"embeddable":true,"href":"https:\/\/arcanix.at\/de\/wp-json\/wp\/v2\/comments?post=1424"}],"version-history":[{"count":22,"href":"https:\/\/arcanix.at\/de\/wp-json\/wp\/v2\/pages\/1424\/revisions"}],"predecessor-version":[{"id":2069,"href":"https:\/\/arcanix.at\/de\/wp-json\/wp\/v2\/pages\/1424\/revisions\/2069"}],"wp:attachment":[{"href":"https:\/\/arcanix.at\/de\/wp-json\/wp\/v2\/media?parent=1424"}],"curies":[{"name":"wp","href":"https:\/\/api.w.org\/{rel}","templated":true}]}}