{"id":926,"date":"2024-05-25T14:26:24","date_gmt":"2024-05-25T12:26:24","guid":{"rendered":"https:\/\/arcanix.at\/?page_id=926"},"modified":"2024-08-09T13:03:49","modified_gmt":"2024-08-09T11:03:49","slug":"privacy-policy","status":"publish","type":"page","link":"https:\/\/arcanix.at\/de\/privacy-policy\/","title":{"rendered":"Datenschutz"},"content":{"rendered":"<div class=\"wp-block-uagb-container uagb-block-b0bb5e83 alignfull uagb-is-root-container\"><div class=\"uagb-container-inner-blocks-wrap\">\n<div class=\"wp-block-uagb-container uagb-block-2a41e053\">\n<h2 class=\"wp-block-heading\">Datenschutz<\/h2>\n\n\n\n<h3 class=\"wp-block-heading\">DSGVO Erkl\u00e4rungen<\/h3>\n\n\n\n<p>Ansprechpartner in Datenschutzfragen f\u00fcr die Webseite ist: Fabian Schopf (Mankerstra\u00dfe 24, 3380 P\u00f6chlarn). Eine Kontaktierung ist unter office@arcanix.at m\u00f6glich.<\/p>\n\n\n\n<h3 class=\"wp-block-heading\">Datenschutzrichtlinie f\u00fcr diese Website<\/h3>\n\n\n\n<p>Datenschutzbestimmungen f\u00fcr diese Website arcanix.at einschlie\u00dflich Unterseiten und interne Weiterleitungen.<\/p>\n\n\n\n<h3 class=\"wp-block-heading\">Informationen \u00fcber die Erhebung von personenbezogenen Daten<\/h3>\n\n\n\n<p>(1) Folgende personenbezogene Daten werden bei Nutzung der Webseite erhoben. Personenbezogene Daten sind alle Daten, die auf Sie pers\u00f6nlich bezogen sind, z.\u2009B. Name, Adresse, E-Mail-Adressen, Telefonnummer.<\/p>\n\n\n\n<p>(2) Verantworltiche Person f\u00fcr diese Webseite gem. Art. 4 Abs. 7 DSGVO ist: Fabian Schopf (Mankerstra\u00dfe 24, 3380 P\u00f6chlarn).<\/p>\n\n\n\n<p>(3) Nehmen Sie mit uns Kontakt auf, per E-Mail, oder Kontaktformular, oder Bewerbungsformular, werden die von Ihnen bereitgestellten Daten (E-Mail-Adresse, Name, Telefonnummer, Postadresse, Firmenname, Informationen in Ihren Bewerbungsunterlagen) von uns gespeichert, um Sie zu kontaktieren und Ihnen fachgerechte Informationen und Antworten zukommen zu lassen, Sie zu kontaktieren oder Ihnen eine Lieferung auf dem Postweg zu versenden. Ihre erfassten Daten l\u00f6schen wir, sofern die Speicherung nicht mehr erforderlich ist. Au\u00dferdem schr\u00e4nken wir die Vearbeitung ein, falls eine gesetzliche Aufbewahrungspflicht besteht.<\/p>\n\n\n\n<p>(4) Werden einzelne Funktionen durch einen von uns beauftragten Dienstleister durchgef\u00fchrt, oder falls wir Ihre Daten f\u00fcr Werbezwecke verwenden wollen, werden Sie im Detail \u00fcber die entsprechenden Vorg\u00e4nge informiert. Die Speicherdauer und die Kriterien werden bekanntgegeben.<\/p>\n\n\n\n<h3 class=\"wp-block-heading\">Ihre Rechte<\/h3>\n\n\n\n<p>(1) Hinsichtlich Ihrer personenbezogenen Daten haben Sie Recht auf<\/p>\n\n\n\n<ul>\n<li>Auskunft,<\/li>\n\n\n\n<li>Berichtigung oder L\u00f6schung,<\/li>\n\n\n\n<li>Einschr\u00e4nkung der Verarbeitung,<\/li>\n\n\n\n<li>Widerspruch gegen die Verarbeitung,<\/li>\n\n\n\n<li>Daten\u00fcbertragbarkeit.<\/li>\n<\/ul>\n\n\n\n<p>(2) Au\u00dferdem haben Sie das Recht, sich bei einer Datenschutz-Aufsichtsbeh\u00f6rde \u00fcber die Verarbeitung Ihrer personenbezogenen Daten durch uns zu beschweren.<\/p>\n\n\n\n<h3 class=\"wp-block-heading\">Erhebung von personenbezogenen Daten beim Besuch unserer Website<\/h3>\n\n\n\n<p>Wenn Sie die Webseite nur informativ besuchen, sich nicht registrieren oder kein Kontaktformular ausf\u00fcllen, werden nur personenbezoge Daten Ihres Browsers erhoben. Diese Daten werden von Ihrem Browser bei Aufruf der Webseite an unseren Server \u00fcbertragen. Die so erhobenen Daten sind technisch erforderlich, um diese Webseite anzuzeigen und die Sicherheit zu gew\u00e4hrleisten (Art. 6 Abs. 1 S. 1 lit. f DSGVO):<\/p>\n\n\n\n<ul>\n<li>Zeitzonenunterschied zu Greenwich Mean Time (GMT)<\/li>\n\n\n\n<li>Datum und Uhrzeit der Abfrage<\/li>\n\n\n\n<li>IP-Adresse<\/li>\n\n\n\n<li>Inhalt der Anfrage (spezifische Seite)<\/li>\n\n\n\n<li>Jeweilige Menge der \u00fcbertragenen Daten<\/li>\n\n\n\n<li>Zugriffsstatus\/HTTP-Statuscode<\/li>\n\n\n\n<li>Website, von der die Anfrage kommt<\/li>\n\n\n\n<li>Browser<\/li>\n\n\n\n<li>Sprache und Version der Browsersoftware<\/li>\n\n\n\n<li>Das Betriebssystem<\/li>\n<\/ul>\n\n\n\n<p>6 Monate nach Ihrem Zugriff auf diese Webseite werden Ihre Daten automatisch gel\u00f6scht.<\/p>\n<\/div>\n<\/div><\/div>","protected":false},"excerpt":{"rendered":"<p>Privacy policy Declarations according to GDPR The contact person for data protection issues for the website is Fabian Schopf (Mankerstra\u00dfe 24, 3380 P\u00f6chlarn). You can contact him at office@arcanix.at. Privacy policy for this website Privacy policy for this website arcanix.at including subsites and internal redirects. Information on the collection of personal data (1) The following [&hellip;]<\/p>","protected":false},"author":1,"featured_media":0,"parent":0,"menu_order":0,"comment_status":"closed","ping_status":"closed","template":"","meta":{"_uag_custom_page_level_css":"","site-sidebar-layout":"no-sidebar","site-content-layout":"page-builder","ast-site-content-layout":"full-width-container","site-content-style":"unboxed","site-sidebar-style":"unboxed","ast-global-header-display":"","ast-banner-title-visibility":"","ast-main-header-display":"","ast-hfb-above-header-display":"","ast-hfb-below-header-display":"","ast-hfb-mobile-header-display":"","site-post-title":"disabled","ast-breadcrumbs-content":"","ast-featured-img":"disabled","footer-sml-layout":"","theme-transparent-header-meta":"enabled","adv-header-id-meta":"","stick-header-meta":"","header-above-stick-meta":"","header-main-stick-meta":"","header-below-stick-meta":"","astra-migrate-meta-layouts":"set","ast-page-background-enabled":"default","ast-page-background-meta":{"desktop":{"background-color":"var(--ast-global-color-4)","background-image":"","background-repeat":"repeat","background-position":"center center","background-size":"auto","background-attachment":"scroll","background-type":"","background-media":"","overlay-type":"","overlay-color":"","overlay-opacity":"","overlay-gradient":""},"tablet":{"background-color":"","background-image":"","background-repeat":"repeat","background-position":"center center","background-size":"auto","background-attachment":"scroll","background-type":"","background-media":"","overlay-type":"","overlay-color":"","overlay-opacity":"","overlay-gradient":""},"mobile":{"background-color":"","background-image":"","background-repeat":"repeat","background-position":"center center","background-size":"auto","background-attachment":"scroll","background-type":"","background-media":"","overlay-type":"","overlay-color":"","overlay-opacity":"","overlay-gradient":""}},"ast-content-background-meta":{"desktop":{"background-color":"var(--ast-global-color-5)","background-image":"","background-repeat":"repeat","background-position":"center center","background-size":"auto","background-attachment":"scroll","background-type":"","background-media":"","overlay-type":"","overlay-color":"","overlay-opacity":"","overlay-gradient":""},"tablet":{"background-color":"var(--ast-global-color-5)","background-image":"","background-repeat":"repeat","background-position":"center center","background-size":"auto","background-attachment":"scroll","background-type":"","background-media":"","overlay-type":"","overlay-color":"","overlay-opacity":"","overlay-gradient":""},"mobile":{"background-color":"var(--ast-global-color-5)","background-image":"","background-repeat":"repeat","background-position":"center center","background-size":"auto","background-attachment":"scroll","background-type":"","background-media":"","overlay-type":"","overlay-color":"","overlay-opacity":"","overlay-gradient":""}},"footnotes":""},"yoast_head":"<!-- This site is optimized with the Yoast SEO plugin v23.9 - https:\/\/yoast.com\/wordpress\/plugins\/seo\/ -->\n<title>Datenschutz - ARCANIX<\/title>\n<meta name=\"robots\" content=\"index, follow, max-snippet:-1, max-image-preview:large, max-video-preview:-1\" \/>\n<link rel=\"canonical\" href=\"https:\/\/arcanix.at\/de\/privacy-policy\/\" \/>\n<meta property=\"og:locale\" content=\"de_DE\" \/>\n<meta property=\"og:type\" content=\"article\" \/>\n<meta property=\"og:title\" content=\"Datenschutz - ARCANIX\" \/>\n<meta property=\"og:description\" content=\"Privacy policy Declarations according to GDPR The contact person for data protection issues for the website is Fabian Schopf (Mankerstra\u00dfe 24, 3380 P\u00f6chlarn). You can contact him at office@arcanix.at. Privacy policy for this website Privacy policy for this website arcanix.at including subsites and internal redirects. Information on the collection of personal data (1) The following [&hellip;]\" \/>\n<meta property=\"og:url\" content=\"https:\/\/arcanix.at\/de\/privacy-policy\/\" \/>\n<meta property=\"og:site_name\" content=\"ARCANIX\" \/>\n<meta property=\"article:modified_time\" content=\"2024-08-09T11:03:49+00:00\" \/>\n<meta name=\"twitter:card\" content=\"summary_large_image\" \/>\n<meta name=\"twitter:label1\" content=\"Gesch\u00e4tzte Lesezeit\" \/>\n\t<meta name=\"twitter:data1\" content=\"3 Minuten\" \/>\n<script type=\"application\/ld+json\" class=\"yoast-schema-graph\">{\"@context\":\"https:\/\/schema.org\",\"@graph\":[{\"@type\":\"WebPage\",\"@id\":\"https:\/\/arcanix.at\/privacy-policy\/\",\"url\":\"https:\/\/arcanix.at\/privacy-policy\/\",\"name\":\"Datenschutz - ARCANIX\",\"isPartOf\":{\"@id\":\"https:\/\/arcanix.at\/#website\"},\"datePublished\":\"2024-05-25T12:26:24+00:00\",\"dateModified\":\"2024-08-09T11:03:49+00:00\",\"breadcrumb\":{\"@id\":\"https:\/\/arcanix.at\/privacy-policy\/#breadcrumb\"},\"inLanguage\":\"de-AT\",\"potentialAction\":[{\"@type\":\"ReadAction\",\"target\":[\"https:\/\/arcanix.at\/privacy-policy\/\"]}]},{\"@type\":\"BreadcrumbList\",\"@id\":\"https:\/\/arcanix.at\/privacy-policy\/#breadcrumb\",\"itemListElement\":[{\"@type\":\"ListItem\",\"position\":1,\"name\":\"Startseite\",\"item\":\"https:\/\/arcanix.at\/\"},{\"@type\":\"ListItem\",\"position\":2,\"name\":\"Datenschutz\"}]},{\"@type\":\"WebSite\",\"@id\":\"https:\/\/arcanix.at\/#website\",\"url\":\"https:\/\/arcanix.at\/\",\"name\":\"ARCANIX\",\"description\":\"\",\"publisher\":{\"@id\":\"https:\/\/arcanix.at\/#organization\"},\"potentialAction\":[{\"@type\":\"SearchAction\",\"target\":{\"@type\":\"EntryPoint\",\"urlTemplate\":\"https:\/\/arcanix.at\/?s={search_term_string}\"},\"query-input\":{\"@type\":\"PropertyValueSpecification\",\"valueRequired\":true,\"valueName\":\"search_term_string\"}}],\"inLanguage\":\"de-AT\"},{\"@type\":\"Organization\",\"@id\":\"https:\/\/arcanix.at\/#organization\",\"name\":\"ARCANIX OG\",\"url\":\"https:\/\/arcanix.at\/\",\"logo\":{\"@type\":\"ImageObject\",\"inLanguage\":\"de-AT\",\"@id\":\"https:\/\/arcanix.at\/#\/schema\/logo\/image\/\",\"url\":\"https:\/\/arcanix.at\/wp-content\/uploads\/2024\/05\/Logo-2.png\",\"contentUrl\":\"https:\/\/arcanix.at\/wp-content\/uploads\/2024\/05\/Logo-2.png\",\"width\":297,\"height\":64,\"caption\":\"ARCANIX OG\"},\"image\":{\"@id\":\"https:\/\/arcanix.at\/#\/schema\/logo\/image\/\"}}]}<\/script>\n<!-- \/ Yoast SEO plugin. -->","yoast_head_json":{"title":"Datenschutz - ARCANIX","robots":{"index":"index","follow":"follow","max-snippet":"max-snippet:-1","max-image-preview":"max-image-preview:large","max-video-preview":"max-video-preview:-1"},"canonical":"https:\/\/arcanix.at\/de\/privacy-policy\/","og_locale":"de_DE","og_type":"article","og_title":"Datenschutz - ARCANIX","og_description":"Privacy policy Declarations according to GDPR The contact person for data protection issues for the website is Fabian Schopf (Mankerstra\u00dfe 24, 3380 P\u00f6chlarn). You can contact him at office@arcanix.at. Privacy policy for this website Privacy policy for this website arcanix.at including subsites and internal redirects. Information on the collection of personal data (1) The following [&hellip;]","og_url":"https:\/\/arcanix.at\/de\/privacy-policy\/","og_site_name":"ARCANIX","article_modified_time":"2024-08-09T11:03:49+00:00","twitter_card":"summary_large_image","twitter_misc":{"Gesch\u00e4tzte Lesezeit":"3 Minuten"},"schema":{"@context":"https:\/\/schema.org","@graph":[{"@type":"WebPage","@id":"https:\/\/arcanix.at\/privacy-policy\/","url":"https:\/\/arcanix.at\/privacy-policy\/","name":"Datenschutz - ARCANIX","isPartOf":{"@id":"https:\/\/arcanix.at\/#website"},"datePublished":"2024-05-25T12:26:24+00:00","dateModified":"2024-08-09T11:03:49+00:00","breadcrumb":{"@id":"https:\/\/arcanix.at\/privacy-policy\/#breadcrumb"},"inLanguage":"de-AT","potentialAction":[{"@type":"ReadAction","target":["https:\/\/arcanix.at\/privacy-policy\/"]}]},{"@type":"BreadcrumbList","@id":"https:\/\/arcanix.at\/privacy-policy\/#breadcrumb","itemListElement":[{"@type":"ListItem","position":1,"name":"Startseite","item":"https:\/\/arcanix.at\/"},{"@type":"ListItem","position":2,"name":"Datenschutz"}]},{"@type":"WebSite","@id":"https:\/\/arcanix.at\/#website","url":"https:\/\/arcanix.at\/","name":"ARCANIX","description":"","publisher":{"@id":"https:\/\/arcanix.at\/#organization"},"potentialAction":[{"@type":"SearchAction","target":{"@type":"EntryPoint","urlTemplate":"https:\/\/arcanix.at\/?s={search_term_string}"},"query-input":{"@type":"PropertyValueSpecification","valueRequired":true,"valueName":"search_term_string"}}],"inLanguage":"de-AT"},{"@type":"Organization","@id":"https:\/\/arcanix.at\/#organization","name":"ARCANIX OG","url":"https:\/\/arcanix.at\/","logo":{"@type":"ImageObject","inLanguage":"de-AT","@id":"https:\/\/arcanix.at\/#\/schema\/logo\/image\/","url":"https:\/\/arcanix.at\/wp-content\/uploads\/2024\/05\/Logo-2.png","contentUrl":"https:\/\/arcanix.at\/wp-content\/uploads\/2024\/05\/Logo-2.png","width":297,"height":64,"caption":"ARCANIX OG"},"image":{"@id":"https:\/\/arcanix.at\/#\/schema\/logo\/image\/"}}]}},"uagb_featured_image_src":{"full":false,"thumbnail":false,"medium":false,"medium_large":false,"large":false,"1536x1536":false,"2048x2048":false,"trp-custom-language-flag":false},"uagb_author_info":{"display_name":"admin","author_link":"https:\/\/arcanix.at\/de\/author\/admin\/"},"uagb_comment_info":0,"uagb_excerpt":"Privacy policy Declarations according to GDPR The contact person for data protection issues for the website is Fabian Schopf (Mankerstra\u00dfe 24, 3380 P\u00f6chlarn). You can contact him at office@arcanix.at. Privacy policy for this website Privacy policy for this website arcanix.at including subsites and internal redirects. Information on the collection of personal data (1) The following&hellip;","_links":{"self":[{"href":"https:\/\/arcanix.at\/de\/wp-json\/wp\/v2\/pages\/926"}],"collection":[{"href":"https:\/\/arcanix.at\/de\/wp-json\/wp\/v2\/pages"}],"about":[{"href":"https:\/\/arcanix.at\/de\/wp-json\/wp\/v2\/types\/page"}],"author":[{"embeddable":true,"href":"https:\/\/arcanix.at\/de\/wp-json\/wp\/v2\/users\/1"}],"replies":[{"embeddable":true,"href":"https:\/\/arcanix.at\/de\/wp-json\/wp\/v2\/comments?post=926"}],"version-history":[{"count":37,"href":"https:\/\/arcanix.at\/de\/wp-json\/wp\/v2\/pages\/926\/revisions"}],"predecessor-version":[{"id":1827,"href":"https:\/\/arcanix.at\/de\/wp-json\/wp\/v2\/pages\/926\/revisions\/1827"}],"wp:attachment":[{"href":"https:\/\/arcanix.at\/de\/wp-json\/wp\/v2\/media?parent=926"}],"curies":[{"name":"wp","href":"https:\/\/api.w.org\/{rel}","templated":true}]}}